{"id":8030,"date":"2024-12-19T17:33:09","date_gmt":"2024-12-19T14:33:09","guid":{"rendered":"https:\/\/sailanddiscover.com\/?page_id=8030"},"modified":"2024-12-19T18:13:46","modified_gmt":"2024-12-19T15:13:46","slug":"politique-de-confidentialite","status":"publish","type":"page","link":"https:\/\/sailanddiscover.com\/fr\/politique-de-confidentialite\/","title":{"rendered":"Politique de confidentialit\u00e9"},"content":{"rendered":"<p>\nBienvenue sur le site https:\/\/sailanddiscover.com (le \"Site\"). Nous comprenons que la protection de la vie priv\u00e9e en ligne est importante pour les utilisateurs de notre site, en particulier lorsqu'ils effectuent des transactions commerciales. La pr\u00e9sente d\u00e9claration r\u00e9git notre politique de protection de la vie priv\u00e9e \u00e0 l'\u00e9gard des utilisateurs du site (\"visiteurs\") qui le visitent sans y effectuer d'op\u00e9rations commerciales et des visiteurs qui s'inscrivent pour effectuer des op\u00e9rations commerciales sur le site et utiliser les diff\u00e9rents services offerts par<br \/>\n Sail &amp; Discover (collectivement, les \"services\") (\"clients autoris\u00e9s\").\n<\/p>\n<h3>\"Informations personnellement identifiables\"<\/h3>\n<p>d\u00e9signe toute information qui identifie ou peut \u00eatre utilis\u00e9e pour identifier, contacter ou localiser la personne \u00e0 laquelle ces informations se rapportent, y compris, mais sans s'y limiter, le nom, l'adresse, le num\u00e9ro de t\u00e9l\u00e9phone, le num\u00e9ro de t\u00e9l\u00e9copie, l'adresse \u00e9lectronique, les profils financiers, le num\u00e9ro de s\u00e9curit\u00e9 sociale et les informations relatives \u00e0 la carte de cr\u00e9dit. Les informations personnellement identifiables ne comprennent pas les informations collect\u00e9es de mani\u00e8re anonyme (c'est-\u00e0-dire sans identification de l'utilisateur individuel) ou les informations d\u00e9mographiques non li\u00e9es \u00e0 une personne identifi\u00e9e.<\/p>\n<h3>Quelles sont les informations personnelles identifiables collect\u00e9es ?<\/h3>\n<p>\nNous pouvons recueillir des informations de base sur le profil de l'utilisateur aupr\u00e8s de tous nos visiteurs. Nous recueillons les informations suppl\u00e9mentaires suivantes aupr\u00e8s de nos clients autoris\u00e9s : le nom, l'adresse \u00e9lectronique, le num\u00e9ro de t\u00e9l\u00e9phone, les informations de profil des m\u00e9dias sociaux, <\/p>\n<h3>Quelles sont les organisations qui collectent les informations ?<\/h3>\n<p>Outre notre collecte directe d'informations, nos fournisseurs de services tiers (tels que les soci\u00e9t\u00e9s de cartes de cr\u00e9dit, les chambres de compensation et les banques) qui peuvent fournir des services tels que le cr\u00e9dit, l'assurance et les services de d\u00e9p\u00f4t fiduciaire peuvent collecter ces informations aupr\u00e8s de nos visiteurs et de nos clients autoris\u00e9s. Nous ne contr\u00f4lons pas la mani\u00e8re dont ces tiers utilisent ces informations, mais nous leur demandons de divulguer la mani\u00e8re dont ils utilisent les informations personnelles qui leur sont fournies par les visiteurs et les clients autoris\u00e9s. Certains de ces tiers peuvent \u00eatre des interm\u00e9diaires qui agissent uniquement en tant que maillons de la cha\u00eene de distribution et ne stockent pas, ne conservent pas et n'utilisent pas les informations qui leur sont communiqu\u00e9es.<\/p>\n<h3>Comment le site utilise-t-il les informations personnellement identifiables ?<\/h3>\n<p>Nous utilisons les informations personnellement identifiables pour personnaliser le site, proposer des services appropri\u00e9s et r\u00e9pondre aux demandes d'achat et de vente sur le site. Nous pouvons envoyer des courriels aux visiteurs et aux clients autoris\u00e9s concernant des recherches ou des opportunit\u00e9s d'achat et de vente sur le site ou des informations li\u00e9es au sujet du site. Nous pouvons \u00e9galement utiliser des informations personnellement identifiables pour contacter les visiteurs et les clients autoris\u00e9s en r\u00e9ponse \u00e0 des demandes sp\u00e9cifiques ou pour fournir les informations demand\u00e9es.<\/p>\n<h3>Avec qui les informations peuvent-elles \u00eatre partag\u00e9es ?<\/h3>\n<p>Les informations personnellement identifiables concernant les clients autoris\u00e9s peuvent \u00eatre partag\u00e9es avec d'autres clients autoris\u00e9s qui souhaitent \u00e9valuer des transactions potentielles avec d'autres clients autoris\u00e9s. Nous pouvons partager des informations agr\u00e9g\u00e9es sur nos visiteurs, y compris les donn\u00e9es d\u00e9mographiques de nos visiteurs et de nos clients autoris\u00e9s, avec nos agences affili\u00e9es et des vendeurs tiers. Nous offrons \u00e9galement la possibilit\u00e9 de refuser de recevoir des informations ou d'\u00eatre contact\u00e9 par nous ou par toute agence agissant en notre nom.<\/p>\n<h3>Comment les informations d'identification personnelle sont-elles stock\u00e9es ?<\/h3>\n<p>Les renseignements personnels identifiables recueillis par Voile &amp; D\u00e9couvre sont conserv\u00e9s en toute s\u00e9curit\u00e9 et ne sont pas accessibles \u00e0 des tiers ou \u00e0 des employ\u00e9s de Voile &amp; D\u00e9couvre, sauf pour l'utilisation indiqu\u00e9e ci-dessus.<\/p>\n<h3>Quels sont les choix offerts aux visiteurs en ce qui concerne la collecte, l'utilisation et la diffusion des informations ?<\/h3>\n<p>\nLes visiteurs et les clients autoris\u00e9s peuvent refuser de recevoir des informations non sollicit\u00e9es de notre part ou d'\u00eatre contact\u00e9s par nous et\/ou nos vendeurs et agences affili\u00e9es en r\u00e9pondant aux courriels selon les instructions, ou en nous contactant \u00e0 l'adresse info@sailanddiscover.com. <\/p>\n<h3>Cookie Google AdSense et DoubleClick<\/h3>\n<p>Google, en tant que fournisseur tiers, utilise des cookies pour diffuser des annonces sur notre Service.<\/p>\n<h3>Cookies<\/h3>\n<p>Un cookie est une cha\u00eene d'informations qu'un site web stocke sur l'ordinateur d'un visiteur et que le navigateur du visiteur fournit au site web \u00e0 chaque fois que le visiteur revient.<\/p>\n<p>Nous utilisons des \"cookies\" pour collecter des informations. Vous pouvez configurer votre navigateur pour qu'il refuse tous les cookies ou pour qu'il vous indique quand un cookie est envoy\u00e9. Toutefois, si vous n'acceptez pas les cookies, il se peut que vous ne puissiez pas utiliser certaines parties de notre service.<\/p>\n<h3>Les cookies sont-ils utilis\u00e9s sur le site ?<\/h3>\n<p>\nLes cookies sont utilis\u00e9s pour diverses raisons. Nous les utilisons pour obtenir des informations sur les pr\u00e9f\u00e9rences de nos visiteurs et les services qu'ils s\u00e9lectionnent. Nous les utilisons \u00e9galement \u00e0 des fins de s\u00e9curit\u00e9 pour prot\u00e9ger nos clients autoris\u00e9s. Par exemple, si un client autoris\u00e9 est connect\u00e9 et que le site n'est pas utilis\u00e9 pendant plus de 10 minutes, nous d\u00e9connecterons automatiquement le client autoris\u00e9. Les visiteurs qui ne souhaitent pas que des cookies soient plac\u00e9s sur leur ordinateur doivent configurer leur navigateur de mani\u00e8re \u00e0 refuser les cookies avant d'utiliser https:\/\/sailanddiscover.com , avec l'inconv\u00e9nient que certaines fonctions du site web peuvent ne pas fonctionner correctement sans l'aide des cookies.\n<\/p>\n<h3>Cookies utilis\u00e9s par nos prestataires de services<\/h3>\n<p>Nos fournisseurs de services utilisent des cookies et ces cookies peuvent \u00eatre stock\u00e9s sur votre ordinateur lorsque vous visitez notre site web. Vous trouverez plus de d\u00e9tails sur les cookies utilis\u00e9s dans notre page d'information sur les cookies.<\/p>\n<h3>Comment Sail &amp; Discover utilise-t-elle les informations de connexion ?<\/h3>\n<p>\n Sail &amp; Discover utilise les informations de connexion, y compris, mais sans s'y limiter, les adresses IP, les FAI et les types de navigateur, la version du navigateur, les pages visit\u00e9es, la date et l'heure de la visite, pour analyser les tendances, administrer le site, suivre les mouvements et l'utilisation d'un utilisateur et recueillir des informations d\u00e9mographiques g\u00e9n\u00e9rales.\n<\/p>\n<h3>Quels partenaires ou prestataires de services ont acc\u00e8s aux informations personnellement identifiables des visiteurs et\/ou des clients autoris\u00e9s sur le site ?<\/h3>\n<p>\n Sail &amp; Discover a conclu et continuera de conclure des partenariats et d'autres affiliations avec un certain nombre de fournisseurs. Ces vendeurs peuvent avoir acc\u00e8s \u00e0 certaines informations personnellement identifiables sur la base du besoin de savoir afin d'\u00e9valuer les clients autoris\u00e9s pour l'\u00e9ligibilit\u00e9 au service. Notre politique de confidentialit\u00e9 ne couvre pas la collecte ou l'utilisation de ces informations.\n<\/p>\n<h3>Comment le site assure-t-il la s\u00e9curit\u00e9 des informations personnellement identifiables ?<\/h3>\n<p>Tous nos employ\u00e9s connaissent notre politique et nos pratiques en mati\u00e8re de s\u00e9curit\u00e9. Les informations personnellement identifiables de nos visiteurs et clients autoris\u00e9s ne sont accessibles qu'\u00e0 un nombre limit\u00e9 d'employ\u00e9s qualifi\u00e9s qui re\u00e7oivent un mot de passe pour acc\u00e9der \u00e0 ces informations. Nous v\u00e9rifions r\u00e9guli\u00e8rement nos syst\u00e8mes et processus de s\u00e9curit\u00e9. Les informations sensibles, telles que les num\u00e9ros de carte de cr\u00e9dit ou les num\u00e9ros de s\u00e9curit\u00e9 sociale, sont prot\u00e9g\u00e9es par des protocoles de cryptage, mis en place pour prot\u00e9ger les informations envoy\u00e9es sur Internet. Bien que nous prenions des mesures commercialement raisonnables pour maintenir un site s\u00e9curis\u00e9, les communications \u00e9lectroniques et les bases de donn\u00e9es sont sujettes \u00e0 des erreurs, des alt\u00e9rations et des effractions, et nous ne pouvons pas garantir que de tels \u00e9v\u00e9nements ne se produiront pas et nous ne serons pas responsables envers les visiteurs ou les clients autoris\u00e9s pour de telles occurrences.<\/p>\n<h3>Comment les visiteurs peuvent-ils corriger toute inexactitude dans les informations personnellement identifiables ?<\/h3>\n<p>\nLes visiteurs et les clients autoris\u00e9s peuvent nous contacter pour mettre \u00e0 jour les informations personnellement identifiables les concernant ou pour corriger toute inexactitude en nous envoyant un courrier \u00e9lectronique \u00e0 l'adresse suivante : info@sailanddiscover.com .\n<\/p>\n<h3>Un visiteur peut-il supprimer ou d\u00e9sactiver les informations personnellement identifiables collect\u00e9es par le site ?<\/h3>\n<p>Nous proposons aux visiteurs et aux clients autoris\u00e9s un m\u00e9canisme de suppression\/d\u00e9sactivation des informations personnellement identifiables de la base de donn\u00e9es du site en les contactant. Toutefois, en raison des sauvegardes et des enregistrements des suppressions, il peut \u00eatre impossible de supprimer l'entr\u00e9e d'un visiteur sans conserver certaines informations r\u00e9siduelles. Une personne qui demande la d\u00e9sactivation d'informations personnellement identifiables verra ces informations supprim\u00e9es de mani\u00e8re fonctionnelle, et nous ne vendrons, ne transf\u00e9rerons ni n'utiliserons les informations personnellement identifiables relatives \u00e0 cette personne de quelque mani\u00e8re que ce soit \u00e0 l'avenir.<\/p>\n<h3>Vos droits<\/h3>\n<p>\nVoici un r\u00e9sum\u00e9 des droits dont vous disposez en vertu de la loi sur la protection des donn\u00e9es<\/p>\n<ul>\n<li>Le droit d'acc\u00e8s<\/li>\n<li>Le droit de rectification<\/li>\n<li>Le droit \u00e0 l'effacement<\/li>\n<li>Le droit de restreindre le traitement<\/li>\n<li>Le droit de s'opposer au traitement<\/li>\n<li>Le droit \u00e0 la portabilit\u00e9 des donn\u00e9es<\/li>\n<li>Le droit de d\u00e9poser une plainte aupr\u00e8s d'une autorit\u00e9 de contr\u00f4le<\/li>\n<li>Le droit de retirer son consentement<\/li>\n<\/ul>\n<h3>Vie priv\u00e9e des enfants<\/h3>\n<p>Notre service ne s'adresse pas aux \"enfants\", c'est-\u00e0-dire \u00e0 toute personne \u00e2g\u00e9e de moins de 18 ans, et nous ne recueillons pas sciemment d'informations personnellement identifiables aupr\u00e8s d'enfants de moins de 18 ans.<\/p>\n<p>Si vous \u00eates un parent ou un tuteur et que vous savez que votre enfant nous a fourni des informations personnelles, veuillez nous contacter imm\u00e9diatement en utilisant les coordonn\u00e9es fournies. Si nous apprenons que des enfants de moins de 18 ans ont fourni des informations personnelles, nous supprimerons imm\u00e9diatement ces informations de nos serveurs.<\/p>\n<h3>Respect des lois<\/h3>\n<p>Divulgation d'informations personnellement identifiables pour se conformer \u00e0 la loi. Nous divulguerons des informations personnellement identifiables afin de nous conformer \u00e0 une d\u00e9cision de justice, \u00e0 une citation \u00e0 compara\u00eetre ou \u00e0 une demande de divulgation d'informations \u00e9manant d'un organisme charg\u00e9 de l'application de la loi. Nous divulguerons \u00e9galement des informations personnellement identifiables lorsque cela sera raisonnablement n\u00e9cessaire pour prot\u00e9ger la s\u00e9curit\u00e9 de nos visiteurs et de nos clients autoris\u00e9s.<\/p>\n<h3>Que se passe-t-il en cas de modification de la politique de confidentialit\u00e9 ?<\/h3>\n<p>Nous informerons nos visiteurs et nos clients autoris\u00e9s des modifications apport\u00e9es \u00e0 notre politique de confidentialit\u00e9 en publiant ces modifications sur le site. Toutefois, si nous modifions notre politique de confidentialit\u00e9 d'une mani\u00e8re qui pourrait entra\u00eener la divulgation d'informations personnellement identifiables qu'un visiteur ou un client autoris\u00e9 a pr\u00e9c\u00e9demment demand\u00e9 \u00e0 ne pas voir divulgu\u00e9es, nous contacterons ce visiteur ou ce client autoris\u00e9 pour lui permettre d'emp\u00eacher cette divulgation.<\/p>\n<h3>Liens<\/h3>\n<p>\n https:\/\/sailanddiscover.com contient des liens vers d'autres sites web. Veuillez noter que lorsque vous cliquez sur l'un de ces liens, vous passez \u00e0 un autre site web. Nous vous encourageons \u00e0 lire les d\u00e9clarations de confidentialit\u00e9 de ces sites, car leurs politiques de confidentialit\u00e9 peuvent diff\u00e9rer des n\u00f4tres.\n<\/p>\n<h3>Nous contacter<\/h3>\n<p>Si vous avez des questions concernant cette politique de confidentialit\u00e9, veuillez nous contacter \u00e0 l'adresse suivante : info@sailanddiscover.com <\/p>\n<hr \/>\n<p>Derni\u00e8re mise \u00e0 jour : 19 d\u00e9cembre 2024<\/p>","protected":false},"excerpt":{"rendered":"<p>Welcome to https:\/\/sailanddiscover.com (the \u201cSite\u201d). We understand that privacy online is important to users of our Site, especially when conducting business. This statement governs our privacy policies with respect to those users of the Site (\u201cVisitors\u201d) who visit without transacting business and Visitors who register to transact business on the Site and make use of [&hellip;]<\/p>\n","protected":false},"author":1,"featured_media":0,"parent":0,"menu_order":0,"comment_status":"closed","ping_status":"closed","template":"","meta":{"_monsterinsights_skip_tracking":false,"_monsterinsights_sitenote_active":false,"_monsterinsights_sitenote_note":"","_monsterinsights_sitenote_category":0,"footnotes":""},"class_list":["post-8030","page","type-page","status-publish","hentry"],"aioseo_notices":[],"_links":{"self":[{"href":"https:\/\/sailanddiscover.com\/fr\/wp-json\/wp\/v2\/pages\/8030","targetHints":{"allow":["GET"]}}],"collection":[{"href":"https:\/\/sailanddiscover.com\/fr\/wp-json\/wp\/v2\/pages"}],"about":[{"href":"https:\/\/sailanddiscover.com\/fr\/wp-json\/wp\/v2\/types\/page"}],"author":[{"embeddable":true,"href":"https:\/\/sailanddiscover.com\/fr\/wp-json\/wp\/v2\/users\/1"}],"replies":[{"embeddable":true,"href":"https:\/\/sailanddiscover.com\/fr\/wp-json\/wp\/v2\/comments?post=8030"}],"version-history":[{"count":2,"href":"https:\/\/sailanddiscover.com\/fr\/wp-json\/wp\/v2\/pages\/8030\/revisions"}],"predecessor-version":[{"id":8036,"href":"https:\/\/sailanddiscover.com\/fr\/wp-json\/wp\/v2\/pages\/8030\/revisions\/8036"}],"wp:attachment":[{"href":"https:\/\/sailanddiscover.com\/fr\/wp-json\/wp\/v2\/media?parent=8030"}],"curies":[{"name":"wp","href":"https:\/\/api.w.org\/{rel}","templated":true}]}}