{"id":7492,"date":"2024-12-13T10:22:29","date_gmt":"2024-12-13T10:22:29","guid":{"rendered":"https:\/\/sailanddiscover.com\/?page_id=7492"},"modified":"2025-11-29T13:37:14","modified_gmt":"2025-11-29T10:37:14","slug":"histoire-sail-and-discover","status":"publish","type":"page","link":"https:\/\/sailanddiscover.com\/fr\/histoire-sail-and-discover\/","title":{"rendered":"L'histoire de Sail and Discover"},"content":{"rendered":"<div data-elementor-type=\"wp-page\" data-elementor-id=\"7492\" class=\"elementor elementor-7492\" data-elementor-post-type=\"page\">\n\t\t\t\t<div class=\"elementor-element elementor-element-1b77859 e-flex e-con-boxed e-con e-parent\" data-id=\"1b77859\" data-element_type=\"container\" data-e-type=\"container\">\n\t\t\t\t\t<div class=\"e-con-inner\">\n\t\t\t\t<div class=\"elementor-element elementor-element-373e6f3 elementor-widget elementor-widget-spacer\" data-id=\"373e6f3\" data-element_type=\"widget\" data-e-type=\"widget\" data-widget_type=\"spacer.default\">\n\t\t\t\t<div class=\"elementor-widget-container\">\n\t\t\t\t\t\t\t<div class=\"elementor-spacer\">\n\t\t\t<div class=\"elementor-spacer-inner\"><\/div>\n\t\t<\/div>\n\t\t\t\t\t\t<\/div>\n\t\t\t\t<\/div>\n\t\t\t\t\t<\/div>\n\t\t\t\t<\/div>\n\t\t<div class=\"elementor-element elementor-element-684f0e6 e-flex e-con-boxed e-con e-parent\" data-id=\"684f0e6\" data-element_type=\"container\" data-e-type=\"container\">\n\t\t\t\t\t<div class=\"e-con-inner\">\n\t\t\t\t<div class=\"elementor-element elementor-element-a78a681 elementor-widget elementor-widget-heading\" data-id=\"a78a681\" data-element_type=\"widget\" data-e-type=\"widget\" data-widget_type=\"heading.default\">\n\t\t\t\t<div class=\"elementor-widget-container\">\n\t\t\t\t\t<h2 class=\"elementor-heading-title elementor-size-default\">Sail &amp; Discover - Histoire et chronologie<\/h2>\t\t\t\t<\/div>\n\t\t\t\t<\/div>\n\t\t\t\t\t<\/div>\n\t\t\t\t<\/div>\n\t\t<div class=\"elementor-element elementor-element-8caf446 e-flex e-con-boxed e-con e-parent\" data-id=\"8caf446\" data-element_type=\"container\" data-e-type=\"container\">\n\t\t\t\t\t<div class=\"e-con-inner\">\n\t\t\t\t<div class=\"elementor-element elementor-element-0dc7f62 elementor-widget elementor-widget-text-editor\" data-id=\"0dc7f62\" data-element_type=\"widget\" data-e-type=\"widget\" data-widget_type=\"text-editor.default\">\n\t\t\t\t<div class=\"elementor-widget-container\">\n\t\t\t\t\t\t\t\t\t<p style=\"text-align: center;\">Vous pouvez suivre ici les \u00e9tapes importantes de Sail &amp; Discover.<\/p>\t\t\t\t\t\t\t\t<\/div>\n\t\t\t\t<\/div>\n\t\t\t\t\t<\/div>\n\t\t\t\t<\/div>\n\t\t<div class=\"elementor-element elementor-element-4018763c e-flex e-con-boxed e-con e-parent\" data-id=\"4018763c\" data-element_type=\"container\" data-e-type=\"container\">\n\t\t\t\t\t<div class=\"e-con-inner\">\n\t\t<div class=\"elementor-element elementor-element-30b02e8b e-con-full e-flex e-con e-child\" data-id=\"30b02e8b\" data-element_type=\"container\" data-e-type=\"container\">\n\t\t\t\t<div class=\"elementor-element elementor-element-3f8c504e elementor-invisible elementor-widget elementor-widget-timeline-widget-addon\" data-id=\"3f8c504e\" data-element_type=\"widget\" data-e-type=\"widget\" data-settings=\"{&quot;_animation&quot;:&quot;fadeIn&quot;}\" data-widget_type=\"timeline-widget-addon.default\">\n\t\t\t\t<div class=\"elementor-widget-container\">\n\t\t\t\t\t<!-- ========= Timeline Widget Addon For Elementor 1.6.24 ========= -->\n<div id=\"twae-wrapper-3f8c504e\" class=\"twae-vertical twae-wrapper  twae-both-sided\">   \n    <div class=\"twae-start\"><\/div>    \n    <div id=\"twea-timeline-3f8c504e\" class=\"twae-timeline\" ><!-- Start of Story Repeater Content --><div id=\"story-e2c7468\" class=\"twae-story twae-repeater-item twae-story-right twae-story-no-icon\"><!-- Story Label --><div class=\"twae-labels\"><div class=\"twae-label-big\">Septembre 2011<\/div><\/div><!-- Story Icon --><div class=\"twae-icon\"><i aria-hidden=\"true\" class=\"far fa-clock\"><\/i><\/div><!-- Story Arrow --><div class=\"twae-arrow\"><\/div><!-- Start of Story Content --><div class=\"twae-content\"><!-- Story Title --><div class=\"twae-title\">Sail and Discover \u2013 Le commencement<\/div><!-- Story Image --><div class=\"twae-media medium_large\"><img fetchpriority=\"high\" decoding=\"async\" width=\"768\" height=\"384\" src=\"https:\/\/sailanddiscover.com\/wp-content\/uploads\/2024\/12\/SDheaderC_1920px-e1704459909647-768x384.jpg\" class=\"attachment-medium_large size-medium_large\" alt=\"Sail and Discover since 2011 visual communication\" srcset=\"https:\/\/sailanddiscover.com\/wp-content\/uploads\/2024\/12\/SDheaderC_1920px-e1704459909647-768x384.jpg 768w, https:\/\/sailanddiscover.com\/wp-content\/uploads\/2024\/12\/SDheaderC_1920px-e1704459909647-300x150.jpg 300w, https:\/\/sailanddiscover.com\/wp-content\/uploads\/2024\/12\/SDheaderC_1920px-e1704459909647-18x9.jpg 18w, https:\/\/sailanddiscover.com\/wp-content\/uploads\/2024\/12\/SDheaderC_1920px-e1704459909647.jpg 1024w\" sizes=\"(max-width: 768px) 100vw, 768px\" \/><\/div><!-- Story Description --><div class=\"twae-description\"><p>Avec le soutien ind\u00e9fectible de mes amis Yves et Claire-Lise Haldemann, Stephan a donn\u00e9 vie \u00e0 Sail &amp; Discover \u2014 un voyage n\u00e9 de son profond amour pour la mer et du plaisir de naviguer.\nC\u2019est ainsi que l\u2019aventure Sail &amp; Discover a pris son envol !<\/p><\/div><\/div><\/div><!-- Start of Story Repeater Content --><div id=\"story-dfc679b\" class=\"twae-story twae-repeater-item twae-story-left twae-story-no-icon\"><!-- Story Label --><div class=\"twae-labels\"><div class=\"twae-label-big\">De 2012 \u00e0 2019<\/div><div class=\"twae-label-small\">Notre vitesse de croisi\u00e8re est atteinte<\/div><\/div><!-- Story Icon --><div class=\"twae-icon\"><i aria-hidden=\"true\" class=\"far fa-clock\"><\/i><\/div><!-- Story Arrow --><div class=\"twae-arrow\"><\/div><!-- Start of Story Content --><div class=\"twae-content\"><!-- Story Title --><div class=\"twae-title\">Plus de 100 croisi\u00e8res d'organis\u00e9es<\/div><!-- Story Image --><div class=\"twae-media medium_large\"><img decoding=\"async\" width=\"676\" height=\"372\" src=\"https:\/\/sailanddiscover.com\/wp-content\/uploads\/2024\/12\/Croisiere-croatie.jpg\" class=\"attachment-medium_large size-medium_large\" alt=\"\" srcset=\"https:\/\/sailanddiscover.com\/wp-content\/uploads\/2024\/12\/Croisiere-croatie.jpg 676w, https:\/\/sailanddiscover.com\/wp-content\/uploads\/2024\/12\/Croisiere-croatie-300x165.jpg 300w, https:\/\/sailanddiscover.com\/wp-content\/uploads\/2024\/12\/Croisiere-croatie-18x10.jpg 18w\" sizes=\"(max-width: 676px) 100vw, 676px\" \/><\/div><!-- Story Description --><div class=\"twae-description\"><p>Avec une s\u00e9lection soign\u00e9e de bateaux de charter, Sail and Discover propose \u2014 et Stephan organise \u2014 des croisi\u00e8res priv\u00e9es en Croatie (\u00eeles Kornati), en Sicile (\u00eeles \u00c9oliennes), en Gr\u00e8ce (mer \u00c9g\u00e9e, Dod\u00e9can\u00e8se, golfe Saronique) et aux Antilles (Grenadines).\nNous avons organis\u00e9 plus de 100 semaines de vacances inoubliables sur l\u2019eau, avec plus de 500 clients satisfaits.<\/p><\/div><\/div><\/div><!-- Start of Story Repeater Content --><div id=\"story-564de8d\" class=\"twae-story twae-repeater-item twae-story-right twae-story-no-icon\"><!-- Story Label --><div class=\"twae-labels\"><div class=\"twae-label-big\">Octobre 2019<\/div><div class=\"twae-label-small\">L'aventure continue avec notre propre voilier<\/div><\/div><!-- Story Icon --><div class=\"twae-icon\"><i aria-hidden=\"true\" class=\"far fa-clock\"><\/i><\/div><!-- Story Arrow --><div class=\"twae-arrow\"><\/div><!-- Start of Story Content --><div class=\"twae-content\"><!-- Story Title --><div class=\"twae-title\">Achat de Chronos<\/div><!-- Story Image --><div class=\"twae-media medium_large\"><img decoding=\"async\" width=\"768\" height=\"576\" src=\"https:\/\/sailanddiscover.com\/wp-content\/uploads\/2024\/12\/296907065_10228415050299711_6426158688143177642_n-768x576.jpeg\" class=\"attachment-medium_large size-medium_large\" alt=\"Vacances actives en Gr\u00e8ce\" srcset=\"https:\/\/sailanddiscover.com\/wp-content\/uploads\/2024\/12\/296907065_10228415050299711_6426158688143177642_n-768x576.jpeg 768w, https:\/\/sailanddiscover.com\/wp-content\/uploads\/2024\/12\/296907065_10228415050299711_6426158688143177642_n-300x225.jpeg 300w, https:\/\/sailanddiscover.com\/wp-content\/uploads\/2024\/12\/296907065_10228415050299711_6426158688143177642_n-1024x768.jpeg 1024w, https:\/\/sailanddiscover.com\/wp-content\/uploads\/2024\/12\/296907065_10228415050299711_6426158688143177642_n-1536x1152.jpeg 1536w, https:\/\/sailanddiscover.com\/wp-content\/uploads\/2024\/12\/296907065_10228415050299711_6426158688143177642_n-16x12.jpeg 16w, https:\/\/sailanddiscover.com\/wp-content\/uploads\/2024\/12\/296907065_10228415050299711_6426158688143177642_n.jpeg 2048w\" sizes=\"(max-width: 768px) 100vw, 768px\" \/><\/div><!-- Story Description --><div class=\"twae-description\"><div><div dir=\"auto\" data-message-author-role=\"assistant\" data-message-id=\"4c336844-52be-41ae-ae2d-7647aad4ae96\" data-message-model-slug=\"gpt-4o\"><div><div><p>tephan rencontre Constantin Christov, et ensemble ils acqui\u00e8rent un Bavaria 50 de 1999 \u2014 le voilier id\u00e9al pour Sail &amp; Discover. Amarr\u00e9 \u00e0 Preveza, Stephan tombe imm\u00e9diatement sous le charme de la r\u00e9gion : des eaux magnifiques, des conditions de navigation id\u00e9ales et tout ce qu\u2019il faut pour vivre des croisi\u00e8res inoubliables.\nIls d\u00e9cident rapidement de faire de Preveza leur base estivale.<\/p><\/div><\/div><\/div><\/div><\/div><\/div><\/div><!-- Start of Story Repeater Content --><div id=\"story-ec207fe\" class=\"twae-story twae-repeater-item twae-story-left twae-story-no-icon\"><!-- Story Label --><div class=\"twae-labels\"><div class=\"twae-label-big\">Plus de 40 croisi\u00e8res organis\u00e9es en mer Ionienne.<\/div><\/div><!-- Story Icon --><div class=\"twae-icon\"><i aria-hidden=\"true\" class=\"far fa-clock\"><\/i><\/div><!-- Story Arrow --><div class=\"twae-arrow\"><\/div><!-- Start of Story Content --><div class=\"twae-content\"><!-- Story Title --><div class=\"twae-title\">De 2020 \u00e0 2023<\/div><!-- Story Image --><div class=\"twae-media medium_large\"><img loading=\"lazy\" decoding=\"async\" width=\"768\" height=\"576\" src=\"https:\/\/sailanddiscover.com\/wp-content\/uploads\/2024\/12\/baie-Kastos-768x576.jpeg\" class=\"attachment-medium_large size-medium_large\" alt=\"\" srcset=\"https:\/\/sailanddiscover.com\/wp-content\/uploads\/2024\/12\/baie-Kastos-768x576.jpeg 768w, https:\/\/sailanddiscover.com\/wp-content\/uploads\/2024\/12\/baie-Kastos-300x225.jpeg 300w, https:\/\/sailanddiscover.com\/wp-content\/uploads\/2024\/12\/baie-Kastos-1024x768.jpeg 1024w, https:\/\/sailanddiscover.com\/wp-content\/uploads\/2024\/12\/baie-Kastos-1536x1152.jpeg 1536w, https:\/\/sailanddiscover.com\/wp-content\/uploads\/2024\/12\/baie-Kastos-16x12.jpeg 16w, https:\/\/sailanddiscover.com\/wp-content\/uploads\/2024\/12\/baie-Kastos.jpeg 1600w\" sizes=\"(max-width: 768px) 100vw, 768px\" \/><\/div><!-- Story Description --><div class=\"twae-description\"><p class=\"translation-block\"><a href=\"https:\/\/www.visitgreece.gr\/inspirations\/sailing-the-ionian-sea\/?utm_source=chatgpt.com\" target=\"_blank\" rel=\"noopener\">La zone de navigation ionienne<\/a>, avec ses innombrables \u00eeles, est un cadre v\u00e9ritablement spectaculaire pour organiser des <a href=\"https:\/\/sailanddiscover.com\/fr\/vacances-voile-privees-grece\/\" target=\"_self\">croisi\u00e8res priv\u00e9es avec skipper en Gr\u00e8ce<\/a>.\nSe concentrer sur une seule r\u00e9gion permet de tisser un lien plus profond avec celle-ci et d\u2019y construire des relations significatives.\nStephan est devenu l\u2019unique propri\u00e9taire de Chronos et a choisi de faire du voilier son foyer.<\/p><\/div><\/div><\/div><!-- Start of Story Repeater Content --><div id=\"story-23a8a9d\" class=\"twae-story twae-repeater-item twae-story-right twae-story-no-icon\"><!-- Story Label --><div class=\"twae-labels\"><div class=\"twae-label-big\">Coaching<\/div><div class=\"twae-label-small\">Une nouvelle activit\u00e9 est n\u00e9e<\/div><\/div><!-- Story Icon --><div class=\"twae-icon\"><i aria-hidden=\"true\" class=\"far fa-clock\"><\/i><\/div><!-- Story Arrow --><div class=\"twae-arrow\"><\/div><!-- Start of Story Content --><div class=\"twae-content\"><!-- Story Title --><div class=\"twae-title\">Hiver 2022 - 2023<\/div><!-- Story Image --><div class=\"twae-media medium_large\"><img loading=\"lazy\" decoding=\"async\" width=\"768\" height=\"576\" src=\"https:\/\/sailanddiscover.com\/wp-content\/uploads\/2024\/12\/Amira-768x576.jpg\" class=\"attachment-medium_large size-medium_large\" alt=\"Sailing &amp; Cruising Coaching - Amira, Peter &amp; Renate Lagoon 450S\" srcset=\"https:\/\/sailanddiscover.com\/wp-content\/uploads\/2024\/12\/Amira-768x576.jpg 768w, https:\/\/sailanddiscover.com\/wp-content\/uploads\/2024\/12\/Amira-300x225.jpg 300w, https:\/\/sailanddiscover.com\/wp-content\/uploads\/2024\/12\/Amira-16x12.jpg 16w, https:\/\/sailanddiscover.com\/wp-content\/uploads\/2024\/12\/Amira.jpg 1000w\" sizes=\"(max-width: 768px) 100vw, 768px\" \/><\/div><!-- Story Description --><div class=\"twae-description\"><p>Au cours de l'hiver et du printemps 2022-2023, Stephan a aid\u00e9 un couple sans exp\u00e9rience pr\u00e9alable de la voile \u00e0 ma\u00eetriser et \u00e0 optimiser leur nouveau catamaran Lagoon 450S, les pr\u00e9parant ainsi \u00e0 une aventure de navigation mondiale. Cela a marqu\u00e9 le d\u00e9but d'une nouvelle aventure.\u00a0<a style=\"font-size: 1rem\" href=\"https:\/\/sailanddiscover.com\/fr\/coaching\/\" target=\"_blank\" rel=\"noopener\">Visitez notre page de coaching<\/a><\/p><\/div><\/div><\/div><!-- Start of Story Repeater Content --><div id=\"story-ee40d78\" class=\"twae-story twae-repeater-item twae-story-left twae-story-no-icon\"><!-- Story Label --><div class=\"twae-labels\"><div class=\"twae-label-big\"><span style=\"text-align: left\">De 2024 \u00e0 ...<\/span><\/div><\/div><!-- Story Icon --><div class=\"twae-icon\"><i aria-hidden=\"true\" class=\"far fa-clock\"><\/i><\/div><!-- Story Arrow --><div class=\"twae-arrow\"><\/div><!-- Start of Story Content --><div class=\"twae-content\"><!-- Story Title --><div class=\"twae-title\">Le r\u00eave continue<\/div><!-- Story Image --><div class=\"twae-media medium_large\"><img loading=\"lazy\" decoding=\"async\" width=\"768\" height=\"605\" src=\"https:\/\/sailanddiscover.com\/wp-content\/uploads\/2024\/12\/IMG_4883_1600x1260-768x605.jpeg\" class=\"attachment-medium_large size-medium_large\" alt=\"Stephan &amp; Yuliia so happy to have embraced their livestyle. Come and join us for an unforgettable sailing holidays - Skippered Sailing Holidays in Greece\" srcset=\"https:\/\/sailanddiscover.com\/wp-content\/uploads\/2024\/12\/IMG_4883_1600x1260-768x605.jpeg 768w, https:\/\/sailanddiscover.com\/wp-content\/uploads\/2024\/12\/IMG_4883_1600x1260-300x236.jpeg 300w, https:\/\/sailanddiscover.com\/wp-content\/uploads\/2024\/12\/IMG_4883_1600x1260-1024x806.jpeg 1024w, https:\/\/sailanddiscover.com\/wp-content\/uploads\/2024\/12\/IMG_4883_1600x1260-1536x1210.jpeg 1536w, https:\/\/sailanddiscover.com\/wp-content\/uploads\/2024\/12\/IMG_4883_1600x1260-15x12.jpeg 15w, https:\/\/sailanddiscover.com\/wp-content\/uploads\/2024\/12\/IMG_4883_1600x1260.jpeg 1600w\" sizes=\"(max-width: 768px) 100vw, 768px\" \/><\/div><!-- Story Description --><div class=\"twae-description\"><p data-start=\"72\" data-end=\"546\" class=\"translation-block\">Stephan est tomb\u00e9 amoureux de Yuliia en septembre 2023. D\u00e9butante en voile, elle a rapidement adopt\u00e9 la navigation avec enthousiasme. Ils ont pass\u00e9 l\u2019hiver \u00e0 Valence avant de se lancer dans une travers\u00e9e de la M\u00e9diterran\u00e9e, riche en nouvelles aventures. Au printemps 2024, ils sont revenus \u00e0 Pr\u00e9veza, Yuliia ma\u00eetrisant d\u00e9sormais la voile et assistant le capitaine avec assurance. Passionn\u00e9e de cuisine, elle prend \u00e9galement plaisir \u00e0 s\u2019occuper des invit\u00e9s. L\u2019aventure Sail &amp; Discover se poursuit d\u00e9sormais avec une <a href=\"https:\/\/sailanddiscover.com\/fr\/vacances-yacht-privee-ionienne\/\" target=\"_self\">h\u00f4tesse talentueuse \u00e0 bord !<\/a><\/p><\/div><\/div><\/div><\/div>\n    <div class=\"twae-end\"><\/div>\n    <\/div><style type=\"text\/css\">@media (max-width: 1024px){ .twae-wrapper{--tw-ybx-size: 80px !important;}}@media (max-width: 767px){ .twae-wrapper{--tw-ybx-size: 80px !important}}<\/style>\t\t\t\t<\/div>\n\t\t\t\t<\/div>\n\t\t\t\t<\/div>\n\t\t\t\t\t<\/div>\n\t\t\t\t<\/div>\n\t\t\t\t<\/div>","protected":false},"excerpt":{"rendered":"<p>Sail and Discover &#8211; History and Timeline You can follow here the important milestones of Sail and Discover. September 2011Sail and Discover &#8211; The beginning With the unwavering support of my friends Yves and Claire-Lise Haldemann, Stephan brought Sail &amp; Discover to life \u2014 a journey born from his deep love for the sea and [&hellip;]<\/p>\n","protected":false},"author":1,"featured_media":0,"parent":0,"menu_order":0,"comment_status":"closed","ping_status":"closed","template":"","meta":{"_monsterinsights_skip_tracking":false,"_monsterinsights_sitenote_active":false,"_monsterinsights_sitenote_note":"","_monsterinsights_sitenote_category":0,"footnotes":""},"class_list":["post-7492","page","type-page","status-publish","hentry"],"aioseo_notices":[],"brizy_media":[],"_links":{"self":[{"href":"https:\/\/sailanddiscover.com\/fr\/wp-json\/wp\/v2\/pages\/7492","targetHints":{"allow":["GET"]}}],"collection":[{"href":"https:\/\/sailanddiscover.com\/fr\/wp-json\/wp\/v2\/pages"}],"about":[{"href":"https:\/\/sailanddiscover.com\/fr\/wp-json\/wp\/v2\/types\/page"}],"author":[{"embeddable":true,"href":"https:\/\/sailanddiscover.com\/fr\/wp-json\/wp\/v2\/users\/1"}],"replies":[{"embeddable":true,"href":"https:\/\/sailanddiscover.com\/fr\/wp-json\/wp\/v2\/comments?post=7492"}],"version-history":[{"count":5,"href":"https:\/\/sailanddiscover.com\/fr\/wp-json\/wp\/v2\/pages\/7492\/revisions"}],"predecessor-version":[{"id":9340,"href":"https:\/\/sailanddiscover.com\/fr\/wp-json\/wp\/v2\/pages\/7492\/revisions\/9340"}],"wp:attachment":[{"href":"https:\/\/sailanddiscover.com\/fr\/wp-json\/wp\/v2\/media?parent=7492"}],"curies":[{"name":"wp","href":"https:\/\/api.w.org\/{rel}","templated":true}]}}