{"id":6926,"date":"2024-12-04T13:26:55","date_gmt":"2024-12-04T13:26:55","guid":{"rendered":"https:\/\/sailanddiscover.com\/?page_id=6926"},"modified":"2026-01-14T12:51:38","modified_gmt":"2026-01-14T09:51:38","slug":"contact-vacances-voile-grece","status":"publish","type":"page","link":"https:\/\/sailanddiscover.com\/fr\/contact-vacances-voile-grece\/","title":{"rendered":"Page de contact \u2013 Vacances \u00e0 la voile avec skipper en Gr\u00e8ce"},"content":{"rendered":"<div data-elementor-type=\"wp-page\" data-elementor-id=\"6926\" class=\"elementor elementor-6926\" data-elementor-post-type=\"page\">\n\t\t\t\t<div class=\"elementor-element elementor-element-7a1b1a4 e-flex e-con-boxed e-con e-parent\" data-id=\"7a1b1a4\" data-element_type=\"container\" data-e-type=\"container\" data-settings=\"{&quot;background_background&quot;:&quot;classic&quot;}\">\n\t\t\t\t\t<div class=\"e-con-inner\">\n\t\t\t\t<div class=\"elementor-element elementor-element-a231aa4 elementor-widget elementor-widget-spacer\" data-id=\"a231aa4\" data-element_type=\"widget\" data-e-type=\"widget\" data-widget_type=\"spacer.default\">\n\t\t\t\t<div class=\"elementor-widget-container\">\n\t\t\t\t\t\t\t<div class=\"elementor-spacer\">\n\t\t\t<div class=\"elementor-spacer-inner\"><\/div>\n\t\t<\/div>\n\t\t\t\t\t\t<\/div>\n\t\t\t\t<\/div>\n\t\t\t\t\t<\/div>\n\t\t\t\t<\/div>\n\t\t<div class=\"elementor-element elementor-element-b7b9c0c e-flex e-con-boxed e-con e-parent\" data-id=\"b7b9c0c\" data-element_type=\"container\" data-e-type=\"container\" data-settings=\"{&quot;background_background&quot;:&quot;classic&quot;}\">\n\t\t\t\t\t<div class=\"e-con-inner\">\n\t\t\t\t<div class=\"elementor-element elementor-element-a01c18a elementor-widget elementor-widget-heading\" data-id=\"a01c18a\" data-element_type=\"widget\" data-e-type=\"widget\" data-widget_type=\"heading.default\">\n\t\t\t\t<div class=\"elementor-widget-container\">\n\t\t\t\t\t<h2 class=\"elementor-heading-title elementor-size-default\">Page de contact \u2013 Vacances \u00e0 la voile avec skipper en Gr\u00e8ce<\/h2>\t\t\t\t<\/div>\n\t\t\t\t<\/div>\n\t\t\t\t<div class=\"elementor-element elementor-element-80284a2 elementor-widget elementor-widget-text-editor\" data-id=\"80284a2\" data-element_type=\"widget\" data-e-type=\"widget\" data-widget_type=\"text-editor.default\">\n\t\t\t\t<div class=\"elementor-widget-container\">\n\t\t\t\t\t\t\t\t\t<p style=\"text-align: center;\" class=\"translation-block\">Vous \u00eates \u00e0 une \u00e9tape de vivre des vacances inoubliables \u00e0 la voile avec skipper en Gr\u00e8ce.<br>\nN\u2019h\u00e9sitez pas \u00e0 nous contacter pour toute information compl\u00e9mentaire (vous pouvez \u00e9galement consulter notre FAQ), nous sommes toujours ravis d\u2019\u00e9changer avec vous. Vous pouvez nous joindre via WhatsApp (appel ou message), par e-mail ou en remplissant notre <a href=\"https:\/\/sailanddiscover.com\/fr\/devis-gratuit-vacances-voile-grece\/\" target=\"_blank\" rel=\"noopener\">formulaire de devis gratuit<\/a>.<br>\nUn l\u00e9ger d\u00e9lai de r\u00e9ponse peut survenir en haute saison lorsque nous sommes en croisi\u00e8re \u00e0 la voile, mais le r\u00e9seau internet dans les \u00eeles Ioniennes est g\u00e9n\u00e9ralement bon et vous pouvez vous attendre \u00e0 une r\u00e9ponse sous 48 heures maximum.<\/p>\t\t\t\t\t\t\t\t<\/div>\n\t\t\t\t<\/div>\n\t\t\t\t\t<\/div>\n\t\t\t\t<\/div>\n\t\t<div class=\"elementor-element elementor-element-fde907f e-flex e-con-boxed e-con e-parent\" data-id=\"fde907f\" data-element_type=\"container\" data-e-type=\"container\" data-settings=\"{&quot;background_background&quot;:&quot;classic&quot;}\">\n\t\t\t\t\t<div class=\"e-con-inner\">\n\t\t\t\t<div class=\"elementor-element elementor-element-2c67568 elementor-widget elementor-widget-spacer\" data-id=\"2c67568\" data-element_type=\"widget\" data-e-type=\"widget\" data-widget_type=\"spacer.default\">\n\t\t\t\t<div class=\"elementor-widget-container\">\n\t\t\t\t\t\t\t<div class=\"elementor-spacer\">\n\t\t\t<div class=\"elementor-spacer-inner\"><\/div>\n\t\t<\/div>\n\t\t\t\t\t\t<\/div>\n\t\t\t\t<\/div>\n\t\t\t\t\t<\/div>\n\t\t\t\t<\/div>\n\t\t<div class=\"elementor-element elementor-element-d225458 e-flex e-con-boxed e-con e-parent\" data-id=\"d225458\" data-element_type=\"container\" data-e-type=\"container\" data-settings=\"{&quot;background_background&quot;:&quot;classic&quot;}\">\n\t\t\t\t\t<div class=\"e-con-inner\">\n\t\t\t\t<div class=\"elementor-element elementor-element-bea8740 elementor-widget elementor-widget-image\" data-id=\"bea8740\" data-element_type=\"widget\" data-e-type=\"widget\" data-widget_type=\"image.default\">\n\t\t\t\t<div class=\"elementor-widget-container\">\n\t\t\t\t\t\t\t\t\t\t\t\t\t\t\t\t<a href=\"https:\/\/sailanddiscover.com\/fr\/vacances-yacht-privee-ionienne\/\">\n\t\t\t\t\t\t\t<img fetchpriority=\"high\" decoding=\"async\" width=\"800\" height=\"599\" src=\"https:\/\/sailanddiscover.com\/wp-content\/uploads\/2024\/12\/WhatsApp-Image-2024-12-17-at-17.19.00-1024x767.jpeg\" class=\"attachment-large size-large wp-image-7764\" alt=\"Your dedicated dream team for your skippered Greek Sailing Vacations\" srcset=\"https:\/\/sailanddiscover.com\/wp-content\/uploads\/2024\/12\/WhatsApp-Image-2024-12-17-at-17.19.00-1024x767.jpeg 1024w, https:\/\/sailanddiscover.com\/wp-content\/uploads\/2024\/12\/WhatsApp-Image-2024-12-17-at-17.19.00-300x225.jpeg 300w, https:\/\/sailanddiscover.com\/wp-content\/uploads\/2024\/12\/WhatsApp-Image-2024-12-17-at-17.19.00-768x575.jpeg 768w, https:\/\/sailanddiscover.com\/wp-content\/uploads\/2024\/12\/WhatsApp-Image-2024-12-17-at-17.19.00-16x12.jpeg 16w, https:\/\/sailanddiscover.com\/wp-content\/uploads\/2024\/12\/WhatsApp-Image-2024-12-17-at-17.19.00.jpeg 1280w\" sizes=\"(max-width: 800px) 100vw, 800px\" \/>\t\t\t\t\t\t\t\t<\/a>\n\t\t\t\t\t\t\t\t\t\t\t\t\t\t\t<\/div>\n\t\t\t\t<\/div>\n\t\t<div class=\"elementor-element elementor-element-c587a57 e-con-full e-flex e-con e-child\" data-id=\"c587a57\" data-element_type=\"container\" data-e-type=\"container\">\n\t\t<div class=\"elementor-element elementor-element-b93825b e-con-full e-flex e-con e-child\" data-id=\"b93825b\" data-element_type=\"container\" data-e-type=\"container\">\n\t\t\t\t<div class=\"elementor-element elementor-element-26ec726 elementor-widget elementor-widget-heading\" data-id=\"26ec726\" data-element_type=\"widget\" data-e-type=\"widget\" data-widget_type=\"heading.default\">\n\t\t\t\t<div class=\"elementor-widget-container\">\n\t\t\t\t\t<h5 class=\"elementor-heading-title elementor-size-default\">Mobile<\/h5>\t\t\t\t<\/div>\n\t\t\t\t<\/div>\n\t\t\t\t<\/div>\n\t\t<div class=\"elementor-element elementor-element-f595ffd e-con-full e-flex e-con e-child\" data-id=\"f595ffd\" data-element_type=\"container\" data-e-type=\"container\">\n\t\t\t\t<div class=\"elementor-element elementor-element-25ae74a elementor-widget elementor-widget-heading\" data-id=\"25ae74a\" data-element_type=\"widget\" data-e-type=\"widget\" data-widget_type=\"heading.default\">\n\t\t\t\t<div class=\"elementor-widget-container\">\n\t\t\t\t\t<h5 class=\"elementor-heading-title elementor-size-default\">E-mail: stephan.josef.rauer(at)gmail.com<\/h5>\t\t\t\t<\/div>\n\t\t\t\t<\/div>\n\t\t\t\t<\/div>\n\t\t\t\t<\/div>\n\t\t\t\t\t<\/div>\n\t\t\t\t<\/div>\n\t\t<div class=\"elementor-element elementor-element-b24997f e-flex e-con-boxed e-con e-parent\" data-id=\"b24997f\" data-element_type=\"container\" data-e-type=\"container\" data-settings=\"{&quot;background_background&quot;:&quot;classic&quot;}\">\n\t\t\t\t\t<div class=\"e-con-inner\">\n\t\t\t\t<div class=\"elementor-element elementor-element-1b620bf elementor-widget elementor-widget-text-editor\" data-id=\"1b620bf\" data-element_type=\"widget\" data-e-type=\"widget\" data-widget_type=\"text-editor.default\">\n\t\t\t\t<div class=\"elementor-widget-container\">\n\t\t\t\t\t\t\t\t\t<p>Si vous souhaitez en savoir plus sur la zone de navigation, vous pouvez la visiter : \u00a0<a href=\"https:\/\/www.visitgreece.gr\/inspirations\/sailing-the-ionian-sea\/\">https:\/\/www.visitgreece.gr\/inspirations\/sailing-the-ionian-sea\/<\/a><\/p>\t\t\t\t\t\t\t\t<\/div>\n\t\t\t\t<\/div>\n\t\t\t\t\t<\/div>\n\t\t\t\t<\/div>\n\t\t\t\t<\/div>","protected":false},"excerpt":{"rendered":"<p>Skippered Greek Sailing Holidays contact page Your are one step away to your memorable Skippered Sailing Holidays in Greece.\u00a0Do not hesitate to contact us for further informations (You can also read our FAQ) but we are always happy to hear from you. You can contact us via WhatsApp (Phone or text), per e-mail or fill [&hellip;]<\/p>\n","protected":false},"author":1,"featured_media":0,"parent":0,"menu_order":0,"comment_status":"closed","ping_status":"closed","template":"elementor_theme","meta":{"_monsterinsights_skip_tracking":false,"_monsterinsights_sitenote_active":false,"_monsterinsights_sitenote_note":"","_monsterinsights_sitenote_category":0,"footnotes":""},"class_list":["post-6926","page","type-page","status-publish","hentry"],"aioseo_notices":[],"brizy_media":[],"_links":{"self":[{"href":"https:\/\/sailanddiscover.com\/fr\/wp-json\/wp\/v2\/pages\/6926","targetHints":{"allow":["GET"]}}],"collection":[{"href":"https:\/\/sailanddiscover.com\/fr\/wp-json\/wp\/v2\/pages"}],"about":[{"href":"https:\/\/sailanddiscover.com\/fr\/wp-json\/wp\/v2\/types\/page"}],"author":[{"embeddable":true,"href":"https:\/\/sailanddiscover.com\/fr\/wp-json\/wp\/v2\/users\/1"}],"replies":[{"embeddable":true,"href":"https:\/\/sailanddiscover.com\/fr\/wp-json\/wp\/v2\/comments?post=6926"}],"version-history":[{"count":5,"href":"https:\/\/sailanddiscover.com\/fr\/wp-json\/wp\/v2\/pages\/6926\/revisions"}],"predecessor-version":[{"id":10609,"href":"https:\/\/sailanddiscover.com\/fr\/wp-json\/wp\/v2\/pages\/6926\/revisions\/10609"}],"wp:attachment":[{"href":"https:\/\/sailanddiscover.com\/fr\/wp-json\/wp\/v2\/media?parent=6926"}],"curies":[{"name":"wp","href":"https:\/\/api.w.org\/{rel}","templated":true}]}}