{"id":8030,"date":"2024-12-19T17:33:09","date_gmt":"2024-12-19T14:33:09","guid":{"rendered":"https:\/\/sailanddiscover.com\/?page_id=8030"},"modified":"2024-12-19T18:13:46","modified_gmt":"2024-12-19T15:13:46","slug":"datenschutzbestimmungen","status":"publish","type":"page","link":"https:\/\/sailanddiscover.com\/de\/datenschutzbestimmungen\/","title":{"rendered":"Datenschutzbestimmungen"},"content":{"rendered":"<p>\nWillkommen auf https:\/\/sailanddiscover.com (die \"Website\"). Wir sind uns dar\u00fcber im Klaren, dass der Online-Datenschutz f\u00fcr die Nutzer unserer Website wichtig ist, insbesondere bei der Abwicklung von Gesch\u00e4ften. Diese Erkl\u00e4rung regelt unsere Datenschutzrichtlinien in Bezug auf die Benutzer der Website (\"Besucher\"), die die Website besuchen, ohne Gesch\u00e4fte abzuschlie\u00dfen, und die Besucher, die sich registrieren lassen, um Gesch\u00e4fte auf der Website abzuschlie\u00dfen und die verschiedenen Dienstleistungen zu nutzen, die von<br \/>\n Sail &amp; Discover (zusammenfassend als \"Dienste\" bezeichnet) (\"autorisierte Kunden\").\n<\/p>\n<h3>\"Pers\u00f6nlich identifizierbare Informationen\"<\/h3>\n<p>bezieht sich auf alle Informationen, die die Person, auf die sich diese Informationen beziehen, identifizieren oder dazu verwendet werden k\u00f6nnen, sie zu identifizieren, zu kontaktieren oder ausfindig zu machen, einschlie\u00dflich, aber nicht beschr\u00e4nkt auf, Name, Adresse, Telefonnummer, Faxnummer, E-Mail-Adresse, Finanzprofile, Sozialversicherungsnummer und Kreditkarteninformationen. Pers\u00f6nlich identifizierbare Informationen umfassen keine Informationen, die anonym (d.h. ohne Identifizierung des einzelnen Nutzers) oder demografische Informationen, die nicht mit einer identifizierten Person verbunden sind, gesammelt werden.<\/p>\n<h3>Welche pers\u00f6nlich identifizierbaren Informationen werden gesammelt?<\/h3>\n<p>\nWir k\u00f6nnen grundlegende Benutzerprofilinformationen von allen unseren Besuchern sammeln. Wir sammeln die folgenden zus\u00e4tzlichen Informationen von unseren autorisierten Kunden: den Namen, die E-Mail-Adresse, die Telefonnummer, die Profilinformationen der sozialen Medien, <\/p>\n<h3>Welche Organisationen sammeln die Informationen?<\/h3>\n<p>Zus\u00e4tzlich zu unserer direkten Sammlung von Informationen k\u00f6nnen unsere Drittanbieter (wie Kreditkartenunternehmen, Verrechnungsstellen und Banken), die Dienstleistungen wie Kredit-, Versicherungs- und Treuhanddienste anbieten, diese Informationen von unseren Besuchern und autorisierten Kunden sammeln. Wir kontrollieren nicht, wie diese Dritten solche Informationen verwenden, aber wir bitten sie, offenzulegen, wie sie pers\u00f6nliche Informationen verwenden, die ihnen von Besuchern und autorisierten Kunden zur Verf\u00fcgung gestellt werden. Einige dieser Drittparteien k\u00f6nnen Vermittler sein, die lediglich als Glieder in der Vertriebskette fungieren und die an sie weitergegebenen Informationen nicht speichern, aufbewahren oder verwenden.<\/p>\n<h3>Wie verwendet die Website personenbezogene Daten?<\/h3>\n<p>Wir verwenden pers\u00f6nlich identifizierbare Informationen, um die Website anzupassen, geeignete Serviceangebote zu machen und Kauf- und Verkaufsanfragen auf der Website zu erf\u00fcllen. Wir k\u00f6nnen Besucher und autorisierte Kunden per E-Mail \u00fcber Forschungs- oder Kauf- und Verkaufsm\u00f6glichkeiten auf der Website oder \u00fcber Informationen, die sich auf das Thema der Website beziehen, informieren. Wir k\u00f6nnen auch pers\u00f6nlich identifizierbare Informationen verwenden, um Besucher und autorisierte Kunden als Antwort auf spezifische Anfragen zu kontaktieren oder um angeforderte Informationen bereitzustellen.<\/p>\n<h3>An wen d\u00fcrfen die Informationen weitergegeben werden?<\/h3>\n<p>Pers\u00f6nlich identifizierbare Informationen \u00fcber autorisierte Kunden k\u00f6nnen mit anderen autorisierten Kunden geteilt werden, die potenzielle Transaktionen mit anderen autorisierten Kunden bewerten m\u00f6chten. Wir k\u00f6nnen zusammengefasste Informationen \u00fcber unsere Besucher, einschlie\u00dflich der demographischen Daten unserer Besucher und autorisierten Kunden, mit unseren angeschlossenen Agenturen und Drittanbietern teilen. Wir bieten Ihnen auch die M\u00f6glichkeit, den Erhalt von Informationen oder die Kontaktaufnahme durch uns oder durch eine in unserem Namen handelnde Agentur abzulehnen.<\/p>\n<h3>Wie werden pers\u00f6nlich identifizierbare Informationen gespeichert?<\/h3>\n<p>Pers\u00f6nlich identifizierbare Informationen, die von Sail &amp; Discover gesammelt werden, werden sicher aufbewahrt und sind f\u00fcr Dritte oder Mitarbeiter von Sail &amp; Discover nicht zug\u00e4nglich, au\u00dfer zur Verwendung wie oben angegeben.<\/p>\n<h3>Welche Wahlm\u00f6glichkeiten haben die Besucher in Bezug auf die Sammlung, Verwendung und Verbreitung der Informationen?<\/h3>\n<p>\nBesucher und autorisierte Kunden k\u00f6nnen den Erhalt von unaufgeforderten Informationen oder die Kontaktaufnahme durch uns und\/oder unsere Verk\u00e4ufer und angeschlossenen Agenturen ablehnen, indem sie auf E-Mails wie angewiesen antworten oder uns unter info@sailanddiscover.com kontaktieren. <\/p>\n<h3>Google AdSense &amp; DoubleClick Cookie<\/h3>\n<p>Google, als Drittanbieter, verwendet Cookies, um Anzeigen auf unserem Service zu schalten.<\/p>\n<h3>Cookies<\/h3>\n<p>Ein Cookie ist eine Informationskette, die eine Website auf dem Computer eines Besuchers speichert und die der Browser des Besuchers jedes Mal an die Website \u00fcbermittelt, wenn der Besucher zur\u00fcckkehrt.<\/p>\n<p>Wir verwenden \"Cookies\", um Informationen zu sammeln. Sie k\u00f6nnen Ihren Browser so einstellen, dass alle Cookies abgelehnt werden oder dass er anzeigt, wenn ein Cookie gesendet wird. Wenn Sie jedoch keine Cookies akzeptieren, k\u00f6nnen Sie m\u00f6glicherweise einige Teile unseres Dienstes nicht nutzen.<\/p>\n<h3>Werden auf der Website Cookies verwendet?<\/h3>\n<p>\nCookies werden aus einer Vielzahl von Gr\u00fcnden verwendet. Wir verwenden Cookies, um Informationen \u00fcber die Pr\u00e4ferenzen unserer Besucher und die von ihnen gew\u00e4hlten Dienste zu erhalten. Wir verwenden Cookies auch zu Sicherheitszwecken, um unsere autorisierten Kunden zu sch\u00fctzen. Wenn zum Beispiel ein autorisierter Kunde angemeldet ist und die Seite l\u00e4nger als 10 Minuten nicht benutzt wird, melden wir den autorisierten Kunden automatisch ab. Besucher, die nicht w\u00fcnschen, dass Cookies auf ihren Computern gespeichert werden, sollten ihren Browser so einstellen, dass er Cookies ablehnt, bevor sie https:\/\/sailanddiscover.com nutzen, mit dem Nachteil, dass bestimmte Funktionen der Website ohne die Hilfe von Cookies nicht richtig funktionieren.\n<\/p>\n<h3>Von unseren Dienstleistern verwendete Cookies<\/h3>\n<p>Unsere Dienstanbieter verwenden Cookies, und diese Cookies k\u00f6nnen auf Ihrem Computer gespeichert werden, wenn Sie unsere Website besuchen. Weitere Einzelheiten dar\u00fcber, welche Cookies verwendet werden, finden Sie auf unserer Informationsseite zu Cookies.<\/p>\n<h3>Wie verwendet Sail &amp; Discover die Anmeldeinformationen?<\/h3>\n<p>\n Sail &amp; Discover verwendet Anmeldeinformationen, einschlie\u00dflich, aber nicht beschr\u00e4nkt auf, IP-Adressen, ISPs und Browsertypen, Browserversion, besuchte Seiten, Datum und Uhrzeit des Besuchs, um Trends zu analysieren, die Website zu verwalten, die Bewegung und Nutzung eines Benutzers zu verfolgen und breite demografische Informationen zu sammeln.\n<\/p>\n<h3>Welche Partner oder Dienstleister haben Zugriff auf personenbezogene Daten von Besuchern und\/oder autorisierten Kunden auf der Website?<\/h3>\n<p>\n Sail &amp; Discover ist Partnerschaften und andere Zusammenschl\u00fcsse mit einer Reihe von Anbietern eingegangen und wird dies auch weiterhin tun. Diese Anbieter k\u00f6nnen Zugang zu bestimmten personenbezogenen Daten haben, die sie ben\u00f6tigen, um die Berechtigung autorisierter Kunden zur Inanspruchnahme von Dienstleistungen zu beurteilen. Unsere Datenschutzrichtlinie gilt nicht f\u00fcr die Sammlung oder Verwendung dieser Informationen.\n<\/p>\n<h3>Wie werden personenbezogene Daten auf der Website gesch\u00fctzt?<\/h3>\n<p>Alle unsere Mitarbeiter sind mit unserer Sicherheitspolitik und -praxis vertraut. Die personenbezogenen Daten unserer Besucher und autorisierten Kunden sind nur einer begrenzten Anzahl von qualifizierten Mitarbeitern zug\u00e4nglich, die ein Passwort erhalten, um Zugang zu den Informationen zu erhalten. Wir \u00fcberpr\u00fcfen unsere Sicherheitssysteme und -prozesse regelm\u00e4\u00dfig. Sensible Informationen wie Kreditkartennummern oder Sozialversicherungsnummern werden durch Verschl\u00fcsselungsprotokolle gesch\u00fctzt, die zum Schutz von \u00fcber das Internet gesendeten Informationen eingesetzt werden. Obwohl wir wirtschaftlich angemessene Ma\u00dfnahmen ergreifen, um eine sichere Website aufrechtzuerhalten, unterliegen elektronische Kommunikation und Datenbanken Fehlern, Manipulationen und Einbr\u00fcchen, und wir k\u00f6nnen nicht garantieren oder gew\u00e4hrleisten, dass solche Ereignisse nicht eintreten, und wir haften gegen\u00fcber Besuchern oder autorisierten Kunden nicht f\u00fcr solche Vorkommnisse.<\/p>\n<h3>Wie k\u00f6nnen die Besucher etwaige Ungenauigkeiten in den personenbezogenen Daten korrigieren?<\/h3>\n<p>\nBesucher und autorisierte Kunden k\u00f6nnen sich mit uns in Verbindung setzen, um pers\u00f6nlich identifizierbare Informationen \u00fcber sie zu aktualisieren oder irgendwelche Ungenauigkeiten zu korrigieren, indem sie uns eine E-Mail an info@sailanddiscover.com schicken.\n<\/p>\n<h3>Kann ein Besucher die von der Website erfassten personenbezogenen Daten l\u00f6schen oder deaktivieren?<\/h3>\n<p>Wir stellen Besuchern und autorisierten Kunden einen Mechanismus zur Verf\u00fcgung, um pers\u00f6nlich identifizierbare Informationen aus der Datenbank der Website zu l\u00f6schen\/deaktivieren, indem sie sich an uns wenden. Aufgrund von Sicherungen und Aufzeichnungen von L\u00f6schungen kann es jedoch unm\u00f6glich sein, den Eintrag eines Besuchers zu l\u00f6schen, ohne dass einige Restinformationen erhalten bleiben. Wenn eine Person die Deaktivierung personenbezogener Daten beantragt, werden diese Daten funktionell gel\u00f6scht, und wir werden personenbezogene Daten, die sich auf diese Person beziehen, nicht verkaufen, \u00fcbertragen oder in irgendeiner Weise verwenden.<\/p>\n<h3>Ihre Rechte<\/h3>\n<p>\nHier sind die Rechte zusammengefasst, die Sie nach dem Datenschutzrecht haben<\/p>\n<ul>\n<li>Das Recht auf Zugang<\/li>\n<li>Das Recht auf Berichtigung<\/li>\n<li>Das Recht auf L\u00f6schung<\/li>\n<li>Das Recht auf Einschr\u00e4nkung der Verarbeitung<\/li>\n<li>Das Recht auf Widerspruch gegen die Verarbeitung<\/li>\n<li>Das Recht auf Daten\u00fcbertragbarkeit<\/li>\n<li>Das Recht auf Beschwerde bei einer Aufsichtsbeh\u00f6rde<\/li>\n<li>Das Recht auf Widerruf der Zustimmung<\/li>\n<\/ul>\n<h3>Datenschutz f\u00fcr Kinder<\/h3>\n<p>Unser Service richtet sich nicht an \"Kinder\", d.h. an Personen unter 18 Jahren, und wir sammeln nicht wissentlich pers\u00f6nlich identifizierbare Informationen von Kindern unter 18 Jahren.<\/p>\n<p>Wenn Sie ein Elternteil oder Erziehungsberechtigter sind und wissen, dass Ihr Kind uns personenbezogene Daten zur Verf\u00fcgung gestellt hat, setzen Sie sich bitte unverz\u00fcglich mit uns \u00fcber die angegebenen Kontaktdaten in Verbindung. Wenn wir erfahren, dass Kinder unter 18 Jahren uns personenbezogene Daten zur Verf\u00fcgung gestellt haben, werden wir diese Daten sofort von unseren Servern l\u00f6schen.<\/p>\n<h3>Einhaltung von Gesetzen<\/h3>\n<p>Offenlegung pers\u00f6nlich identifizierbarer Informationen zur Einhaltung von Gesetzen. Wir werden personenbezogene Daten offenlegen, um einem Gerichtsbeschluss oder einer Vorladung oder einer Aufforderung einer Strafverfolgungsbeh\u00f6rde zur Herausgabe von Informationen nachzukommen. Wir werden auch pers\u00f6nlich identifizierbare Informationen offenlegen, wenn dies vern\u00fcnftigerweise notwendig ist, um die Sicherheit unserer Besucher und autorisierten Kunden zu sch\u00fctzen.<\/p>\n<h3>Was passiert, wenn sich die Datenschutzbestimmungen \u00e4ndern?<\/h3>\n<p>Wir werden unsere Besucher und autorisierten Kunden \u00fcber \u00c4nderungen unserer Datenschutzrichtlinien informieren, indem wir solche \u00c4nderungen auf der Website ver\u00f6ffentlichen. Wenn wir jedoch unsere Datenschutzrichtlinien in einer Weise \u00e4ndern, die zur Offenlegung personenbezogener Daten f\u00fchren k\u00f6nnte, die ein Besucher oder autorisierter Kunde zuvor beantragt hat, nicht offengelegt zu werden, werden wir diesen Besucher oder autorisierten Kunden kontaktieren, um ihm die M\u00f6glichkeit zu geben, diese Offenlegung zu verhindern.<\/p>\n<h3>Links<\/h3>\n<p>\n https:\/\/sailanddiscover.com enth\u00e4lt Links zu anderen Websites. Bitte beachten Sie, dass Sie beim Anklicken eines dieser Links auf eine andere Website wechseln. Wir empfehlen Ihnen, die Datenschutzerkl\u00e4rungen dieser verlinkten Websites zu lesen, da sich deren Datenschutzrichtlinien von unseren unterscheiden k\u00f6nnen.\n<\/p>\n<h3>Kontakt<\/h3>\n<p>Wenn Sie Fragen zu dieser Datenschutzerkl\u00e4rung haben, kontaktieren Sie uns bitte unter info@sailanddiscover.com. <\/p>\n<hr \/>\n<p>Zuletzt aktualisiert: Dezember 19, 2024<\/p>","protected":false},"excerpt":{"rendered":"<p>Welcome to https:\/\/sailanddiscover.com (the \u201cSite\u201d). We understand that privacy online is important to users of our Site, especially when conducting business. This statement governs our privacy policies with respect to those users of the Site (\u201cVisitors\u201d) who visit without transacting business and Visitors who register to transact business on the Site and make use of [&hellip;]<\/p>\n","protected":false},"author":1,"featured_media":0,"parent":0,"menu_order":0,"comment_status":"closed","ping_status":"closed","template":"","meta":{"_monsterinsights_skip_tracking":false,"_monsterinsights_sitenote_active":false,"_monsterinsights_sitenote_note":"","_monsterinsights_sitenote_category":0,"footnotes":""},"class_list":["post-8030","page","type-page","status-publish","hentry"],"aioseo_notices":[],"_links":{"self":[{"href":"https:\/\/sailanddiscover.com\/de\/wp-json\/wp\/v2\/pages\/8030","targetHints":{"allow":["GET"]}}],"collection":[{"href":"https:\/\/sailanddiscover.com\/de\/wp-json\/wp\/v2\/pages"}],"about":[{"href":"https:\/\/sailanddiscover.com\/de\/wp-json\/wp\/v2\/types\/page"}],"author":[{"embeddable":true,"href":"https:\/\/sailanddiscover.com\/de\/wp-json\/wp\/v2\/users\/1"}],"replies":[{"embeddable":true,"href":"https:\/\/sailanddiscover.com\/de\/wp-json\/wp\/v2\/comments?post=8030"}],"version-history":[{"count":2,"href":"https:\/\/sailanddiscover.com\/de\/wp-json\/wp\/v2\/pages\/8030\/revisions"}],"predecessor-version":[{"id":8036,"href":"https:\/\/sailanddiscover.com\/de\/wp-json\/wp\/v2\/pages\/8030\/revisions\/8036"}],"wp:attachment":[{"href":"https:\/\/sailanddiscover.com\/de\/wp-json\/wp\/v2\/media?parent=8030"}],"curies":[{"name":"wp","href":"https:\/\/api.w.org\/{rel}","templated":true}]}}