{"id":7492,"date":"2024-12-13T10:22:29","date_gmt":"2024-12-13T10:22:29","guid":{"rendered":"https:\/\/sailanddiscover.com\/?page_id=7492"},"modified":"2025-11-29T13:37:14","modified_gmt":"2025-11-29T10:37:14","slug":"geschichte-und-chronologie-von-sail-and-discover","status":"publish","type":"page","link":"https:\/\/sailanddiscover.com\/de\/geschichte-und-chronologie-von-sail-and-discover\/","title":{"rendered":"Geschichte und Zeitleiste von Sail and Discover"},"content":{"rendered":"<div data-elementor-type=\"wp-page\" data-elementor-id=\"7492\" class=\"elementor elementor-7492\" data-elementor-post-type=\"page\">\n\t\t\t\t<div class=\"elementor-element elementor-element-1b77859 e-flex e-con-boxed e-con e-parent\" data-id=\"1b77859\" data-element_type=\"container\" data-e-type=\"container\">\n\t\t\t\t\t<div class=\"e-con-inner\">\n\t\t\t\t<div class=\"elementor-element elementor-element-373e6f3 elementor-widget elementor-widget-spacer\" data-id=\"373e6f3\" data-element_type=\"widget\" data-e-type=\"widget\" data-widget_type=\"spacer.default\">\n\t\t\t\t<div class=\"elementor-widget-container\">\n\t\t\t\t\t\t\t<div class=\"elementor-spacer\">\n\t\t\t<div class=\"elementor-spacer-inner\"><\/div>\n\t\t<\/div>\n\t\t\t\t\t\t<\/div>\n\t\t\t\t<\/div>\n\t\t\t\t\t<\/div>\n\t\t\t\t<\/div>\n\t\t<div class=\"elementor-element elementor-element-684f0e6 e-flex e-con-boxed e-con e-parent\" data-id=\"684f0e6\" data-element_type=\"container\" data-e-type=\"container\">\n\t\t\t\t\t<div class=\"e-con-inner\">\n\t\t\t\t<div class=\"elementor-element elementor-element-a78a681 elementor-widget elementor-widget-heading\" data-id=\"a78a681\" data-element_type=\"widget\" data-e-type=\"widget\" data-widget_type=\"heading.default\">\n\t\t\t\t<div class=\"elementor-widget-container\">\n\t\t\t\t\t<h2 class=\"elementor-heading-title elementor-size-default\">Unsere Geschichte und Meilensteine<\/h2>\t\t\t\t<\/div>\n\t\t\t\t<\/div>\n\t\t\t\t\t<\/div>\n\t\t\t\t<\/div>\n\t\t<div class=\"elementor-element elementor-element-8caf446 e-flex e-con-boxed e-con e-parent\" data-id=\"8caf446\" data-element_type=\"container\" data-e-type=\"container\">\n\t\t\t\t\t<div class=\"e-con-inner\">\n\t\t\t\t<div class=\"elementor-element elementor-element-0dc7f62 elementor-widget elementor-widget-text-editor\" data-id=\"0dc7f62\" data-element_type=\"widget\" data-e-type=\"widget\" data-widget_type=\"text-editor.default\">\n\t\t\t\t<div class=\"elementor-widget-container\">\n\t\t\t\t\t\t\t\t\t<p style=\"text-align: center;\">Hier k\u00f6nnen Sie die wichtigsten Etappen von Sail &amp; Discover verfolgen.<\/p>\t\t\t\t\t\t\t\t<\/div>\n\t\t\t\t<\/div>\n\t\t\t\t\t<\/div>\n\t\t\t\t<\/div>\n\t\t<div class=\"elementor-element elementor-element-4018763c e-flex e-con-boxed e-con e-parent\" data-id=\"4018763c\" data-element_type=\"container\" data-e-type=\"container\">\n\t\t\t\t\t<div class=\"e-con-inner\">\n\t\t<div class=\"elementor-element elementor-element-30b02e8b e-con-full e-flex e-con e-child\" data-id=\"30b02e8b\" data-element_type=\"container\" data-e-type=\"container\">\n\t\t\t\t<div class=\"elementor-element elementor-element-3f8c504e elementor-invisible elementor-widget elementor-widget-timeline-widget-addon\" data-id=\"3f8c504e\" data-element_type=\"widget\" data-e-type=\"widget\" data-settings=\"{&quot;_animation&quot;:&quot;fadeIn&quot;}\" data-widget_type=\"timeline-widget-addon.default\">\n\t\t\t\t<div class=\"elementor-widget-container\">\n\t\t\t\t\t<!-- ========= Timeline Widget Addon For Elementor 1.6.24 ========= -->\n<div id=\"twae-wrapper-3f8c504e\" class=\"twae-vertical twae-wrapper  twae-both-sided\">   \n    <div class=\"twae-start\"><\/div>    \n    <div id=\"twea-timeline-3f8c504e\" class=\"twae-timeline\" ><!-- Start of Story Repeater Content --><div id=\"story-e2c7468\" class=\"twae-story twae-repeater-item twae-story-right twae-story-no-icon\"><!-- Story Label --><div class=\"twae-labels\"><div class=\"twae-label-big\">September 2011<\/div><\/div><!-- Story Icon --><div class=\"twae-icon\"><i aria-hidden=\"true\" class=\"far fa-clock\"><\/i><\/div><!-- Story Arrow --><div class=\"twae-arrow\"><\/div><!-- Start of Story Content --><div class=\"twae-content\"><!-- Story Title --><div class=\"twae-title\">Sail and Discover \u2013 Wie alles begann<\/div><!-- Story Image --><div class=\"twae-media medium_large\"><img fetchpriority=\"high\" decoding=\"async\" width=\"768\" height=\"384\" src=\"https:\/\/sailanddiscover.com\/wp-content\/uploads\/2024\/12\/SDheaderC_1920px-e1704459909647-768x384.jpg\" class=\"attachment-medium_large size-medium_large\" alt=\"Sail and Discover since 2011 visual communication\" srcset=\"https:\/\/sailanddiscover.com\/wp-content\/uploads\/2024\/12\/SDheaderC_1920px-e1704459909647-768x384.jpg 768w, https:\/\/sailanddiscover.com\/wp-content\/uploads\/2024\/12\/SDheaderC_1920px-e1704459909647-300x150.jpg 300w, https:\/\/sailanddiscover.com\/wp-content\/uploads\/2024\/12\/SDheaderC_1920px-e1704459909647-18x9.jpg 18w, https:\/\/sailanddiscover.com\/wp-content\/uploads\/2024\/12\/SDheaderC_1920px-e1704459909647.jpg 1024w\" sizes=\"(max-width: 768px) 100vw, 768px\" \/><\/div><!-- Story Description --><div class=\"twae-description\"><p>Mit der unersch\u00fctterlichen Unterst\u00fctzung meiner Freunde Yves und Claire-Lise Haldemann brachte Stephan Sail &amp; Discover zum Leben \u2014 eine Reise, geboren aus seiner tiefen Liebe zum Meer und der Freude am Segeln.\nSo nahm das Abenteuer Sail &amp; Discover seinen Anfang!<\/p><\/div><\/div><\/div><!-- Start of Story Repeater Content --><div id=\"story-dfc679b\" class=\"twae-story twae-repeater-item twae-story-left twae-story-no-icon\"><!-- Story Label --><div class=\"twae-labels\"><div class=\"twae-label-big\">Von 2012 bis 2019<\/div><div class=\"twae-label-small\">Unsere Reisegeschwindigkeit ist erreicht.<\/div><\/div><!-- Story Icon --><div class=\"twae-icon\"><i aria-hidden=\"true\" class=\"far fa-clock\"><\/i><\/div><!-- Story Arrow --><div class=\"twae-arrow\"><\/div><!-- Start of Story Content --><div class=\"twae-content\"><!-- Story Title --><div class=\"twae-title\">\u00dcber 100 organisierte Kreuzfahrten<\/div><!-- Story Image --><div class=\"twae-media medium_large\"><img decoding=\"async\" width=\"676\" height=\"372\" src=\"https:\/\/sailanddiscover.com\/wp-content\/uploads\/2024\/12\/Croisiere-croatie.jpg\" class=\"attachment-medium_large size-medium_large\" alt=\"\" srcset=\"https:\/\/sailanddiscover.com\/wp-content\/uploads\/2024\/12\/Croisiere-croatie.jpg 676w, https:\/\/sailanddiscover.com\/wp-content\/uploads\/2024\/12\/Croisiere-croatie-300x165.jpg 300w, https:\/\/sailanddiscover.com\/wp-content\/uploads\/2024\/12\/Croisiere-croatie-18x10.jpg 18w\" sizes=\"(max-width: 676px) 100vw, 676px\" \/><\/div><!-- Story Description --><div class=\"twae-description\"><p>Mit sorgf\u00e4ltig ausgew\u00e4hlten Charterbooten bietet Sail and Discover private Segelkreuzfahrten an, die von Stephan organisiert und begleitet werden \u2014 in Kroatien (Kornati-Inseln), Sizilien (\u00c4olische Inseln), Griechenland (\u00c4g\u00e4is, Dodekanes, Saronischer Golf) sowie in der Karibik (Grenadinen).\nWir haben bereits \u00fcber 100 unvergessliche Urlaubswochen auf dem Wasser organisiert und mehr als 500 zufriedene G\u00e4ste begr\u00fc\u00dft.<\/p><\/div><\/div><\/div><!-- Start of Story Repeater Content --><div id=\"story-564de8d\" class=\"twae-story twae-repeater-item twae-story-right twae-story-no-icon\"><!-- Story Label --><div class=\"twae-labels\"><div class=\"twae-label-big\">Oktober 2019<\/div><div class=\"twae-label-small\">Das Abenteuer geht weiter mit unserer eigenen Yacht<\/div><\/div><!-- Story Icon --><div class=\"twae-icon\"><i aria-hidden=\"true\" class=\"far fa-clock\"><\/i><\/div><!-- Story Arrow --><div class=\"twae-arrow\"><\/div><!-- Start of Story Content --><div class=\"twae-content\"><!-- Story Title --><div class=\"twae-title\">Erwerb von Chronos<\/div><!-- Story Image --><div class=\"twae-media medium_large\"><img decoding=\"async\" width=\"768\" height=\"576\" src=\"https:\/\/sailanddiscover.com\/wp-content\/uploads\/2024\/12\/296907065_10228415050299711_6426158688143177642_n-768x576.jpeg\" class=\"attachment-medium_large size-medium_large\" alt=\"Aktive griechische Yachturlaube\" srcset=\"https:\/\/sailanddiscover.com\/wp-content\/uploads\/2024\/12\/296907065_10228415050299711_6426158688143177642_n-768x576.jpeg 768w, https:\/\/sailanddiscover.com\/wp-content\/uploads\/2024\/12\/296907065_10228415050299711_6426158688143177642_n-300x225.jpeg 300w, https:\/\/sailanddiscover.com\/wp-content\/uploads\/2024\/12\/296907065_10228415050299711_6426158688143177642_n-1024x768.jpeg 1024w, https:\/\/sailanddiscover.com\/wp-content\/uploads\/2024\/12\/296907065_10228415050299711_6426158688143177642_n-1536x1152.jpeg 1536w, https:\/\/sailanddiscover.com\/wp-content\/uploads\/2024\/12\/296907065_10228415050299711_6426158688143177642_n-16x12.jpeg 16w, https:\/\/sailanddiscover.com\/wp-content\/uploads\/2024\/12\/296907065_10228415050299711_6426158688143177642_n.jpeg 2048w\" sizes=\"(max-width: 768px) 100vw, 768px\" \/><\/div><!-- Story Description --><div class=\"twae-description\"><div><div dir=\"auto\" data-message-author-role=\"assistant\" data-message-id=\"4c336844-52be-41ae-ae2d-7647aad4ae96\" data-message-model-slug=\"gpt-4o\"><div><div><p>Stephan trifft auf Constantin Christov, und gemeinsam erwerben sie eine Bavaria 50 aus dem Jahr 1999 \u2014 das perfekte Segelboot f\u00fcr Sail &amp; Discover. In Preveza festgemacht, verliebt sich Stephan sofort in die Region: traumhafte Gew\u00e4sser, ideale Segelbedingungen und alles, was es f\u00fcr unvergessliche T\u00f6rns braucht.\nSchon bald entscheiden sie, Preveza zu ihrer sommerlichen Basis zu machen.<\/p><\/div><\/div><\/div><\/div><\/div><\/div><\/div><!-- Start of Story Repeater Content --><div id=\"story-ec207fe\" class=\"twae-story twae-repeater-item twae-story-left twae-story-no-icon\"><!-- Story Label --><div class=\"twae-labels\"><div class=\"twae-label-big\">Mehr als 40 organisierte Kreuzfahrten im Ionischen Meer<\/div><\/div><!-- Story Icon --><div class=\"twae-icon\"><i aria-hidden=\"true\" class=\"far fa-clock\"><\/i><\/div><!-- Story Arrow --><div class=\"twae-arrow\"><\/div><!-- Start of Story Content --><div class=\"twae-content\"><!-- Story Title --><div class=\"twae-title\">Von 2020 bis 2023<\/div><!-- Story Image --><div class=\"twae-media medium_large\"><img loading=\"lazy\" decoding=\"async\" width=\"768\" height=\"576\" src=\"https:\/\/sailanddiscover.com\/wp-content\/uploads\/2024\/12\/baie-Kastos-768x576.jpeg\" class=\"attachment-medium_large size-medium_large\" alt=\"\" srcset=\"https:\/\/sailanddiscover.com\/wp-content\/uploads\/2024\/12\/baie-Kastos-768x576.jpeg 768w, https:\/\/sailanddiscover.com\/wp-content\/uploads\/2024\/12\/baie-Kastos-300x225.jpeg 300w, https:\/\/sailanddiscover.com\/wp-content\/uploads\/2024\/12\/baie-Kastos-1024x768.jpeg 1024w, https:\/\/sailanddiscover.com\/wp-content\/uploads\/2024\/12\/baie-Kastos-1536x1152.jpeg 1536w, https:\/\/sailanddiscover.com\/wp-content\/uploads\/2024\/12\/baie-Kastos-16x12.jpeg 16w, https:\/\/sailanddiscover.com\/wp-content\/uploads\/2024\/12\/baie-Kastos.jpeg 1600w\" sizes=\"(max-width: 768px) 100vw, 768px\" \/><\/div><!-- Story Description --><div class=\"twae-description\"><p class=\"translation-block\"><a href=\"https:\/\/www.visitgreece.gr\/inspirations\/sailing-the-ionian-sea\/?utm_source=chatgpt.com\" target=\"_blank\" rel=\"noopener\">Das Ionische Segelrevier<\/a> mit seinen unz\u00e4hligen Inseln ist ein wahrhaft spektakul\u00e4rer Ort, um <a href=\"https:\/\/sailanddiscover.com\/de\/private-segelurlaube-griechenland\/\" target=\"_self\">Skipper-Segelurlaube in Griechenland<\/a> zu organisieren.\nSich auf ein Gebiet zu konzentrieren erm\u00f6glicht eine tiefere Verbindung zur Region und die Chance, wertvolle Beziehungen aufzubauen.\nStephan wurde zum alleinigen Eigent\u00fcmer der Chronos und entschied sich, die Yacht zu seinem Zuhause zu machen.<\/p><\/div><\/div><\/div><!-- Start of Story Repeater Content --><div id=\"story-23a8a9d\" class=\"twae-story twae-repeater-item twae-story-right twae-story-no-icon\"><!-- Story Label --><div class=\"twae-labels\"><div class=\"twae-label-big\">Coaching<\/div><div class=\"twae-label-small\">Eine neue Aktivit\u00e4t ist geboren<\/div><\/div><!-- Story Icon --><div class=\"twae-icon\"><i aria-hidden=\"true\" class=\"far fa-clock\"><\/i><\/div><!-- Story Arrow --><div class=\"twae-arrow\"><\/div><!-- Start of Story Content --><div class=\"twae-content\"><!-- Story Title --><div class=\"twae-title\">Winter 2022 - 2023<\/div><!-- Story Image --><div class=\"twae-media medium_large\"><img loading=\"lazy\" decoding=\"async\" width=\"768\" height=\"576\" src=\"https:\/\/sailanddiscover.com\/wp-content\/uploads\/2024\/12\/Amira-768x576.jpg\" class=\"attachment-medium_large size-medium_large\" alt=\"Sailing &amp; Cruising Coaching - Amira, Peter &amp; Renate Lagoon 450S\" srcset=\"https:\/\/sailanddiscover.com\/wp-content\/uploads\/2024\/12\/Amira-768x576.jpg 768w, https:\/\/sailanddiscover.com\/wp-content\/uploads\/2024\/12\/Amira-300x225.jpg 300w, https:\/\/sailanddiscover.com\/wp-content\/uploads\/2024\/12\/Amira-16x12.jpg 16w, https:\/\/sailanddiscover.com\/wp-content\/uploads\/2024\/12\/Amira.jpg 1000w\" sizes=\"(max-width: 768px) 100vw, 768px\" \/><\/div><!-- Story Description --><div class=\"twae-description\"><p>Im Winter und Fr\u00fchjahr 2022-2023 unterst\u00fctzte Stephan ein Paar ohne Segelerfahrung bei der Beherrschung und Optimierung ihres neuen Katamarans Lagoon 450S und bereitete sie auf ein globales Segelabenteuer vor. Dies war der Beginn einer neuen Unternehmung.\u00a0<a style=\"font-size: 1rem\" href=\"https:\/\/sailanddiscover.com\/de\/coaching\/\" target=\"_blank\" rel=\"noopener\">Besuchen Sie die Coaching Seite<\/a><\/p><\/div><\/div><\/div><!-- Start of Story Repeater Content --><div id=\"story-ee40d78\" class=\"twae-story twae-repeater-item twae-story-left twae-story-no-icon\"><!-- Story Label --><div class=\"twae-labels\"><div class=\"twae-label-big\"><span style=\"text-align: left\">Von 2024 bis ..<\/span><\/div><\/div><!-- Story Icon --><div class=\"twae-icon\"><i aria-hidden=\"true\" class=\"far fa-clock\"><\/i><\/div><!-- Story Arrow --><div class=\"twae-arrow\"><\/div><!-- Start of Story Content --><div class=\"twae-content\"><!-- Story Title --><div class=\"twae-title\">Der Traum geht weiter<\/div><!-- Story Image --><div class=\"twae-media medium_large\"><img loading=\"lazy\" decoding=\"async\" width=\"768\" height=\"605\" src=\"https:\/\/sailanddiscover.com\/wp-content\/uploads\/2024\/12\/IMG_4883_1600x1260-768x605.jpeg\" class=\"attachment-medium_large size-medium_large\" alt=\"Stephan &amp; Yuliia so happy to have embraced their livestyle. Come and join us for an unforgettable sailing holidays - Skippered Sailing Holidays in Greece\" srcset=\"https:\/\/sailanddiscover.com\/wp-content\/uploads\/2024\/12\/IMG_4883_1600x1260-768x605.jpeg 768w, https:\/\/sailanddiscover.com\/wp-content\/uploads\/2024\/12\/IMG_4883_1600x1260-300x236.jpeg 300w, https:\/\/sailanddiscover.com\/wp-content\/uploads\/2024\/12\/IMG_4883_1600x1260-1024x806.jpeg 1024w, https:\/\/sailanddiscover.com\/wp-content\/uploads\/2024\/12\/IMG_4883_1600x1260-1536x1210.jpeg 1536w, https:\/\/sailanddiscover.com\/wp-content\/uploads\/2024\/12\/IMG_4883_1600x1260-15x12.jpeg 15w, https:\/\/sailanddiscover.com\/wp-content\/uploads\/2024\/12\/IMG_4883_1600x1260.jpeg 1600w\" sizes=\"(max-width: 768px) 100vw, 768px\" \/><\/div><!-- Story Description --><div class=\"twae-description\"><p data-start=\"72\" data-end=\"546\" class=\"translation-block\">Stephan verliebte sich im September 2023 in Yuliia. Als Erstseglerin fand sie sich erstaunlich schnell zurecht und schloss das Segelerlebnis sofort ins Herz. Den Winter verbrachten sie in Valencia, bevor sie zu einer Mittelmeer\u00fcberquerung voller neuer Abenteuer aufbrachen. Im Fr\u00fchjahr 2024 kehrten sie nach Preveza zur\u00fcck \u2013 Yuliia inzwischen segelerfahren und eine selbstbewusste Unterst\u00fctzung f\u00fcr den Kapit\u00e4n. Mit ihrer Leidenschaft f\u00fcrs Kochen verw\u00f6hnt sie zudem sehr gerne ihre G\u00e4ste.\nDie Sail &amp; Discover Reise geht weiter \u2013 nun mit einer echten talentierten Hostess an Bord.<\/p><\/div><\/div><\/div><\/div>\n    <div class=\"twae-end\"><\/div>\n    <\/div><style type=\"text\/css\">@media (max-width: 1024px){ .twae-wrapper{--tw-ybx-size: 80px !important;}}@media (max-width: 767px){ .twae-wrapper{--tw-ybx-size: 80px !important}}<\/style>\t\t\t\t<\/div>\n\t\t\t\t<\/div>\n\t\t\t\t<\/div>\n\t\t\t\t\t<\/div>\n\t\t\t\t<\/div>\n\t\t\t\t<\/div>","protected":false},"excerpt":{"rendered":"<p>Sail and Discover &#8211; History and Timeline You can follow here the important milestones of Sail and Discover. September 2011Sail and Discover &#8211; The beginning With the unwavering support of my friends Yves and Claire-Lise Haldemann, Stephan brought Sail &amp; Discover to life \u2014 a journey born from his deep love for the sea and [&hellip;]<\/p>\n","protected":false},"author":1,"featured_media":0,"parent":0,"menu_order":0,"comment_status":"closed","ping_status":"closed","template":"","meta":{"_monsterinsights_skip_tracking":false,"_monsterinsights_sitenote_active":false,"_monsterinsights_sitenote_note":"","_monsterinsights_sitenote_category":0,"footnotes":""},"class_list":["post-7492","page","type-page","status-publish","hentry"],"aioseo_notices":[],"brizy_media":[],"_links":{"self":[{"href":"https:\/\/sailanddiscover.com\/de\/wp-json\/wp\/v2\/pages\/7492","targetHints":{"allow":["GET"]}}],"collection":[{"href":"https:\/\/sailanddiscover.com\/de\/wp-json\/wp\/v2\/pages"}],"about":[{"href":"https:\/\/sailanddiscover.com\/de\/wp-json\/wp\/v2\/types\/page"}],"author":[{"embeddable":true,"href":"https:\/\/sailanddiscover.com\/de\/wp-json\/wp\/v2\/users\/1"}],"replies":[{"embeddable":true,"href":"https:\/\/sailanddiscover.com\/de\/wp-json\/wp\/v2\/comments?post=7492"}],"version-history":[{"count":5,"href":"https:\/\/sailanddiscover.com\/de\/wp-json\/wp\/v2\/pages\/7492\/revisions"}],"predecessor-version":[{"id":9340,"href":"https:\/\/sailanddiscover.com\/de\/wp-json\/wp\/v2\/pages\/7492\/revisions\/9340"}],"wp:attachment":[{"href":"https:\/\/sailanddiscover.com\/de\/wp-json\/wp\/v2\/media?parent=7492"}],"curies":[{"name":"wp","href":"https:\/\/api.w.org\/{rel}","templated":true}]}}