{"id":6926,"date":"2024-12-04T13:26:55","date_gmt":"2024-12-04T13:26:55","guid":{"rendered":"https:\/\/sailanddiscover.com\/?page_id=6926"},"modified":"2026-01-14T12:51:38","modified_gmt":"2026-01-14T09:51:38","slug":"segeltoern-griechenland-kontakt-seite","status":"publish","type":"page","link":"https:\/\/sailanddiscover.com\/de\/segeltoern-griechenland-kontakt-seite\/","title":{"rendered":"Kontaktseite \u2013 Segelurlaube mit Skipper in Griechenland"},"content":{"rendered":"<div data-elementor-type=\"wp-page\" data-elementor-id=\"6926\" class=\"elementor elementor-6926\" data-elementor-post-type=\"page\">\n\t\t\t\t<div class=\"elementor-element elementor-element-7a1b1a4 e-flex e-con-boxed e-con e-parent\" data-id=\"7a1b1a4\" data-element_type=\"container\" data-e-type=\"container\" data-settings=\"{&quot;background_background&quot;:&quot;classic&quot;}\">\n\t\t\t\t\t<div class=\"e-con-inner\">\n\t\t\t\t<div class=\"elementor-element elementor-element-a231aa4 elementor-widget elementor-widget-spacer\" data-id=\"a231aa4\" data-element_type=\"widget\" data-e-type=\"widget\" data-widget_type=\"spacer.default\">\n\t\t\t\t<div class=\"elementor-widget-container\">\n\t\t\t\t\t\t\t<div class=\"elementor-spacer\">\n\t\t\t<div class=\"elementor-spacer-inner\"><\/div>\n\t\t<\/div>\n\t\t\t\t\t\t<\/div>\n\t\t\t\t<\/div>\n\t\t\t\t\t<\/div>\n\t\t\t\t<\/div>\n\t\t<div class=\"elementor-element elementor-element-b7b9c0c e-flex e-con-boxed e-con e-parent\" data-id=\"b7b9c0c\" data-element_type=\"container\" data-e-type=\"container\" data-settings=\"{&quot;background_background&quot;:&quot;classic&quot;}\">\n\t\t\t\t\t<div class=\"e-con-inner\">\n\t\t\t\t<div class=\"elementor-element elementor-element-a01c18a elementor-widget elementor-widget-heading\" data-id=\"a01c18a\" data-element_type=\"widget\" data-e-type=\"widget\" data-widget_type=\"heading.default\">\n\t\t\t\t<div class=\"elementor-widget-container\">\n\t\t\t\t\t<h2 class=\"elementor-heading-title elementor-size-default\">Kontaktseite \u2013 Segelurlaube mit Skipper in Griechenland<\/h2>\t\t\t\t<\/div>\n\t\t\t\t<\/div>\n\t\t\t\t<div class=\"elementor-element elementor-element-80284a2 elementor-widget elementor-widget-text-editor\" data-id=\"80284a2\" data-element_type=\"widget\" data-e-type=\"widget\" data-widget_type=\"text-editor.default\">\n\t\t\t\t<div class=\"elementor-widget-container\">\n\t\t\t\t\t\t\t\t\t<p style=\"text-align: center;\" class=\"translation-block\">Sie sind nur noch einen Schritt von unvergesslichen Segelurlauben mit Skipper in Griechenland entfernt.<br>\nZ\u00f6gern Sie nicht, uns f\u00fcr weitere Informationen zu kontaktieren (Sie k\u00f6nnen auch unsere FAQ lesen) \u2013 wir freuen uns immer, von Ihnen zu h\u00f6ren. Sie erreichen uns \u00fcber WhatsApp (Anruf oder Nachricht), per E-Mail oder \u00fcber unser <a href=\"https:\/\/sailanddiscover.com\/de\/kostenloses-unverbindliches-angebot-segelurlaub-griechenland\/\" target=\"_blank\" rel=\"noopener\">kostenloses Anfrageformular<\/a>.<br>\nIn der Hochsaison kann es zu kurzen Antwortverz\u00f6gerungen kommen, da wir selbst auf Segelt\u00f6rns unterwegs sind. Die Internetverbindung in den Ionischen Inseln ist jedoch gut, sodass Sie sp\u00e4testens innerhalb von 48 Stunden mit einer Antwort rechnen k\u00f6nnen.<\/p>\t\t\t\t\t\t\t\t<\/div>\n\t\t\t\t<\/div>\n\t\t\t\t\t<\/div>\n\t\t\t\t<\/div>\n\t\t<div class=\"elementor-element elementor-element-fde907f e-flex e-con-boxed e-con e-parent\" data-id=\"fde907f\" data-element_type=\"container\" data-e-type=\"container\" data-settings=\"{&quot;background_background&quot;:&quot;classic&quot;}\">\n\t\t\t\t\t<div class=\"e-con-inner\">\n\t\t\t\t<div class=\"elementor-element elementor-element-2c67568 elementor-widget elementor-widget-spacer\" data-id=\"2c67568\" data-element_type=\"widget\" data-e-type=\"widget\" data-widget_type=\"spacer.default\">\n\t\t\t\t<div class=\"elementor-widget-container\">\n\t\t\t\t\t\t\t<div class=\"elementor-spacer\">\n\t\t\t<div class=\"elementor-spacer-inner\"><\/div>\n\t\t<\/div>\n\t\t\t\t\t\t<\/div>\n\t\t\t\t<\/div>\n\t\t\t\t\t<\/div>\n\t\t\t\t<\/div>\n\t\t<div class=\"elementor-element elementor-element-d225458 e-flex e-con-boxed e-con e-parent\" data-id=\"d225458\" data-element_type=\"container\" data-e-type=\"container\" data-settings=\"{&quot;background_background&quot;:&quot;classic&quot;}\">\n\t\t\t\t\t<div class=\"e-con-inner\">\n\t\t\t\t<div class=\"elementor-element elementor-element-bea8740 elementor-widget elementor-widget-image\" data-id=\"bea8740\" data-element_type=\"widget\" data-e-type=\"widget\" data-widget_type=\"image.default\">\n\t\t\t\t<div class=\"elementor-widget-container\">\n\t\t\t\t\t\t\t\t\t\t\t\t\t\t\t\t<a href=\"https:\/\/sailanddiscover.com\/de\/private-yachtferien-ionisches-meer\/\">\n\t\t\t\t\t\t\t<img fetchpriority=\"high\" decoding=\"async\" width=\"800\" height=\"599\" src=\"https:\/\/sailanddiscover.com\/wp-content\/uploads\/2024\/12\/WhatsApp-Image-2024-12-17-at-17.19.00-1024x767.jpeg\" class=\"attachment-large size-large wp-image-7764\" alt=\"Your dedicated dream team for your skippered Greek Sailing Vacations\" srcset=\"https:\/\/sailanddiscover.com\/wp-content\/uploads\/2024\/12\/WhatsApp-Image-2024-12-17-at-17.19.00-1024x767.jpeg 1024w, https:\/\/sailanddiscover.com\/wp-content\/uploads\/2024\/12\/WhatsApp-Image-2024-12-17-at-17.19.00-300x225.jpeg 300w, https:\/\/sailanddiscover.com\/wp-content\/uploads\/2024\/12\/WhatsApp-Image-2024-12-17-at-17.19.00-768x575.jpeg 768w, https:\/\/sailanddiscover.com\/wp-content\/uploads\/2024\/12\/WhatsApp-Image-2024-12-17-at-17.19.00-16x12.jpeg 16w, https:\/\/sailanddiscover.com\/wp-content\/uploads\/2024\/12\/WhatsApp-Image-2024-12-17-at-17.19.00.jpeg 1280w\" sizes=\"(max-width: 800px) 100vw, 800px\" \/>\t\t\t\t\t\t\t\t<\/a>\n\t\t\t\t\t\t\t\t\t\t\t\t\t\t\t<\/div>\n\t\t\t\t<\/div>\n\t\t<div class=\"elementor-element elementor-element-c587a57 e-con-full e-flex e-con e-child\" data-id=\"c587a57\" data-element_type=\"container\" data-e-type=\"container\">\n\t\t<div class=\"elementor-element elementor-element-b93825b e-con-full e-flex e-con e-child\" data-id=\"b93825b\" data-element_type=\"container\" data-e-type=\"container\">\n\t\t\t\t<div class=\"elementor-element elementor-element-26ec726 elementor-widget elementor-widget-heading\" data-id=\"26ec726\" data-element_type=\"widget\" data-e-type=\"widget\" data-widget_type=\"heading.default\">\n\t\t\t\t<div class=\"elementor-widget-container\">\n\t\t\t\t\t<h5 class=\"elementor-heading-title elementor-size-default\">Mobil<\/h5>\t\t\t\t<\/div>\n\t\t\t\t<\/div>\n\t\t\t\t<\/div>\n\t\t<div class=\"elementor-element elementor-element-f595ffd e-con-full e-flex e-con e-child\" data-id=\"f595ffd\" data-element_type=\"container\" data-e-type=\"container\">\n\t\t\t\t<div class=\"elementor-element elementor-element-25ae74a elementor-widget elementor-widget-heading\" data-id=\"25ae74a\" data-element_type=\"widget\" data-e-type=\"widget\" data-widget_type=\"heading.default\">\n\t\t\t\t<div class=\"elementor-widget-container\">\n\t\t\t\t\t<h5 class=\"elementor-heading-title elementor-size-default\">E-mail: stephan.josef.rauer(at)gmail.com<\/h5>\t\t\t\t<\/div>\n\t\t\t\t<\/div>\n\t\t\t\t<\/div>\n\t\t\t\t<\/div>\n\t\t\t\t\t<\/div>\n\t\t\t\t<\/div>\n\t\t<div class=\"elementor-element elementor-element-b24997f e-flex e-con-boxed e-con e-parent\" data-id=\"b24997f\" data-element_type=\"container\" data-e-type=\"container\" data-settings=\"{&quot;background_background&quot;:&quot;classic&quot;}\">\n\t\t\t\t\t<div class=\"e-con-inner\">\n\t\t\t\t<div class=\"elementor-element elementor-element-1b620bf elementor-widget elementor-widget-text-editor\" data-id=\"1b620bf\" data-element_type=\"widget\" data-e-type=\"widget\" data-widget_type=\"text-editor.default\">\n\t\t\t\t<div class=\"elementor-widget-container\">\n\t\t\t\t\t\t\t\t\t<p>Wenn Sie mehr \u00fcber das Segelrevier erfahren m\u00f6chten, k\u00f6nnen Sie es besuchen: \u00a0<a href=\"https:\/\/www.visitgreece.gr\/inspirations\/sailing-the-ionian-sea\/\">https:\/\/www.visitgreece.gr\/inspirations\/sailing-the-ionian-sea\/<\/a><\/p>\t\t\t\t\t\t\t\t<\/div>\n\t\t\t\t<\/div>\n\t\t\t\t\t<\/div>\n\t\t\t\t<\/div>\n\t\t\t\t<\/div>","protected":false},"excerpt":{"rendered":"<p>Skippered Greek Sailing Holidays contact page Your are one step away to your memorable Skippered Sailing Holidays in Greece.\u00a0Do not hesitate to contact us for further informations (You can also read our FAQ) but we are always happy to hear from you. You can contact us via WhatsApp (Phone or text), per e-mail or fill [&hellip;]<\/p>\n","protected":false},"author":1,"featured_media":0,"parent":0,"menu_order":0,"comment_status":"closed","ping_status":"closed","template":"elementor_theme","meta":{"_monsterinsights_skip_tracking":false,"_monsterinsights_sitenote_active":false,"_monsterinsights_sitenote_note":"","_monsterinsights_sitenote_category":0,"footnotes":""},"class_list":["post-6926","page","type-page","status-publish","hentry"],"aioseo_notices":[],"_links":{"self":[{"href":"https:\/\/sailanddiscover.com\/de\/wp-json\/wp\/v2\/pages\/6926","targetHints":{"allow":["GET"]}}],"collection":[{"href":"https:\/\/sailanddiscover.com\/de\/wp-json\/wp\/v2\/pages"}],"about":[{"href":"https:\/\/sailanddiscover.com\/de\/wp-json\/wp\/v2\/types\/page"}],"author":[{"embeddable":true,"href":"https:\/\/sailanddiscover.com\/de\/wp-json\/wp\/v2\/users\/1"}],"replies":[{"embeddable":true,"href":"https:\/\/sailanddiscover.com\/de\/wp-json\/wp\/v2\/comments?post=6926"}],"version-history":[{"count":5,"href":"https:\/\/sailanddiscover.com\/de\/wp-json\/wp\/v2\/pages\/6926\/revisions"}],"predecessor-version":[{"id":10609,"href":"https:\/\/sailanddiscover.com\/de\/wp-json\/wp\/v2\/pages\/6926\/revisions\/10609"}],"wp:attachment":[{"href":"https:\/\/sailanddiscover.com\/de\/wp-json\/wp\/v2\/media?parent=6926"}],"curies":[{"name":"wp","href":"https:\/\/api.w.org\/{rel}","templated":true}]}}